{"id":538,"date":"2019-07-30T20:37:06","date_gmt":"2019-07-30T20:37:06","guid":{"rendered":"http:\/\/seventy-nine.ca\/dev\/cfp07\/?page_id=538"},"modified":"2019-07-30T20:47:11","modified_gmt":"2019-07-30T20:47:11","slug":"p06-video-publicitaire","status":"publish","type":"page","link":"http:\/\/seventy-nine.ca\/dev\/cfp07\/p06-video-publicitaire\/","title":{"rendered":"P06 : Vid\u00e9o publicitaire"},"content":{"rendered":"<p>[et_pb_section fb_built=&#8221;1&#8243; _builder_version=&#8221;3.26&#8243;][et_pb_row _builder_version=&#8221;3.26&#8243;][et_pb_column type=&#8221;4_4&#8243; _builder_version=&#8221;3.26&#8243;][et_pb_text _builder_version=&#8221;3.26&#8243;]<\/p>\n<h2>Vid\u00e9o : publicit\u00e9<\/h2>\n<p>[\/et_pb_text][\/et_pb_column][\/et_pb_row][et_pb_row column_structure=&#8221;2_5,3_5&#8243; _builder_version=&#8221;3.26&#8243;][et_pb_column type=&#8221;2_5&#8243; _builder_version=&#8221;3.26&#8243;][et_pb_text _builder_version=&#8221;3.26&#8243;]<\/p>\n<p>Une synth\u00e8se num\u00e9rique ne serait pas compl\u00e8te sans une vid\u00e9o!<\/p>\n<p>Nous allons vous apprendre le logiciel vid\u00e9o le plus simple sur terre : imovie. Il permet de tout faire facilement et rapidement. Biensur, ses possibilit\u00e9s son limit\u00e9s mais suffisante pour apprendre la logistique du montage vid\u00e9o.<\/p>\n<p>Si vous aimez le processus et que vous voulez aller plus loin dans le domaine de la vid\u00e9o; vous serez bien outill\u00e9 car tous les logiciels fonctionnent de la m\u00eame fa\u00e7on.\u00a0Les logicies utilis\u00e9 par les professionnels sont Adobe Premi\u00e8re et FinalCutPro.<\/p>\n<p>[\/et_pb_text][\/et_pb_column][et_pb_column type=&#8221;3_5&#8243; _builder_version=&#8221;3.26&#8243;][et_pb_text _builder_version=&#8221;3.26&#8243;]<\/p>\n<h4> Les \u00c9tapes<\/h4>\n<ol>\n<li>\n<p>Concevoir une vid\u00e9o de 30 secondes.<\/p>\n<\/li>\n<li>\n<p>Format de 960px x 540px.<\/p>\n<\/li>\n<li>\n<p>Utiliser des images.<span class=\"Apple-converted-space\">\u00a0<\/span><\/p>\n<\/li>\n<li>\n<p><span class=\"Apple-converted-space\"><\/span>Utiliser des extrais vid\u00e9os.<span class=\"Apple-converted-space\">\u00a0<\/span><\/p>\n<\/li>\n<li>\n<p><span class=\"Apple-converted-space\"><\/span>Utiliser des sons \/ musique.<span class=\"Apple-converted-space\">\u00a0<\/span><\/p>\n<\/li>\n<li>\n<p><span class=\"Apple-converted-space\"><\/span>Ajouter du texte.<\/p>\n<\/li>\n<li>\n<p><span class=\"Apple-converted-space\"><\/span>Ins\u00e9rer des transitions.<\/p>\n<\/li>\n<li>\n<p><span class=\"Apple-converted-space\"><\/span>Tourner ses propres extraits (optionnels).<\/p>\n<\/li>\n<li>Exporter \u00e0 environ 30mg.<\/li>\n<li>\n<p><span class=\"Apple-converted-space\"><\/span>Int\u00e9grer sur votre site wordpress.<\/p>\n<\/li>\n<li>V\u00e9rifier la vid\u00e9o avec l&#8217;enseignant.<\/li>\n<li>\n<p>Remettre<span class=\"Apple-converted-space\">\u00a0la vid\u00e9o sur le serveur de l&#8217;enseignant.<\/span><\/p>\n<\/li>\n<\/ol>\n<p>[\/et_pb_text][\/et_pb_column][\/et_pb_row][et_pb_row custom_padding=&#8221;100px|||||&#8221; _builder_version=&#8221;3.26&#8243;][et_pb_column type=&#8221;4_4&#8243; _builder_version=&#8221;3.26&#8243;][et_pb_toggle title=&#8221;Proc\u00e9dure : iMovie&#8221; _builder_version=&#8221;3.26&#8243;]<\/p>\n<p><img loading=\"lazy\" decoding=\"async\" src=\"http:\/\/seventy-nine.ca\/dev\/cfp07\/wp-content\/uploads\/P06_Procedure_iMovie_Page_1.jpg\" width=\"3264\" height=\"4224\" alt=\"\" class=\"wp-image-363 aligncenter size-full\" srcset=\"http:\/\/seventy-nine.ca\/dev\/cfp07\/wp-content\/uploads\/P06_Procedure_iMovie_Page_1.jpg 3264w, http:\/\/seventy-nine.ca\/dev\/cfp07\/wp-content\/uploads\/P06_Procedure_iMovie_Page_1-232x300.jpg 232w, http:\/\/seventy-nine.ca\/dev\/cfp07\/wp-content\/uploads\/P06_Procedure_iMovie_Page_1-768x994.jpg 768w, http:\/\/seventy-nine.ca\/dev\/cfp07\/wp-content\/uploads\/P06_Procedure_iMovie_Page_1-791x1024.jpg 791w, http:\/\/seventy-nine.ca\/dev\/cfp07\/wp-content\/uploads\/P06_Procedure_iMovie_Page_1-1080x1398.jpg 1080w\" sizes=\"auto, (max-width: 3264px) 100vw, 3264px\" \/><\/p>\n<p><img loading=\"lazy\" decoding=\"async\" src=\"http:\/\/seventy-nine.ca\/dev\/cfp07\/wp-content\/uploads\/P06_Procedure_iMovie_Page_2.jpg\" width=\"3264\" height=\"4224\" alt=\"\" class=\"wp-image-364 aligncenter size-full\" srcset=\"http:\/\/seventy-nine.ca\/dev\/cfp07\/wp-content\/uploads\/P06_Procedure_iMovie_Page_2.jpg 3264w, http:\/\/seventy-nine.ca\/dev\/cfp07\/wp-content\/uploads\/P06_Procedure_iMovie_Page_2-232x300.jpg 232w, http:\/\/seventy-nine.ca\/dev\/cfp07\/wp-content\/uploads\/P06_Procedure_iMovie_Page_2-768x994.jpg 768w, http:\/\/seventy-nine.ca\/dev\/cfp07\/wp-content\/uploads\/P06_Procedure_iMovie_Page_2-791x1024.jpg 791w, http:\/\/seventy-nine.ca\/dev\/cfp07\/wp-content\/uploads\/P06_Procedure_iMovie_Page_2-1080x1398.jpg 1080w\" sizes=\"auto, (max-width: 3264px) 100vw, 3264px\" \/><\/p>\n<p><img loading=\"lazy\" decoding=\"async\" src=\"http:\/\/seventy-nine.ca\/dev\/cfp07\/wp-content\/uploads\/P06_Procedure_iMovie_Page_3.jpg\" width=\"3256\" height=\"4213\" alt=\"\" class=\"wp-image-365 aligncenter size-full\" srcset=\"http:\/\/seventy-nine.ca\/dev\/cfp07\/wp-content\/uploads\/P06_Procedure_iMovie_Page_3.jpg 3256w, http:\/\/seventy-nine.ca\/dev\/cfp07\/wp-content\/uploads\/P06_Procedure_iMovie_Page_3-232x300.jpg 232w, http:\/\/seventy-nine.ca\/dev\/cfp07\/wp-content\/uploads\/P06_Procedure_iMovie_Page_3-768x994.jpg 768w, http:\/\/seventy-nine.ca\/dev\/cfp07\/wp-content\/uploads\/P06_Procedure_iMovie_Page_3-791x1024.jpg 791w, http:\/\/seventy-nine.ca\/dev\/cfp07\/wp-content\/uploads\/P06_Procedure_iMovie_Page_3-1080x1397.jpg 1080w\" sizes=\"auto, (max-width: 3256px) 100vw, 3256px\" \/><\/p>\n<p><img loading=\"lazy\" decoding=\"async\" src=\"http:\/\/seventy-nine.ca\/dev\/cfp07\/wp-content\/uploads\/P06_Procedure_iMovie_Page_4.jpg\" width=\"3264\" height=\"4224\" alt=\"\" class=\"wp-image-366 aligncenter size-full\" srcset=\"http:\/\/seventy-nine.ca\/dev\/cfp07\/wp-content\/uploads\/P06_Procedure_iMovie_Page_4.jpg 3264w, http:\/\/seventy-nine.ca\/dev\/cfp07\/wp-content\/uploads\/P06_Procedure_iMovie_Page_4-232x300.jpg 232w, http:\/\/seventy-nine.ca\/dev\/cfp07\/wp-content\/uploads\/P06_Procedure_iMovie_Page_4-768x994.jpg 768w, http:\/\/seventy-nine.ca\/dev\/cfp07\/wp-content\/uploads\/P06_Procedure_iMovie_Page_4-791x1024.jpg 791w, http:\/\/seventy-nine.ca\/dev\/cfp07\/wp-content\/uploads\/P06_Procedure_iMovie_Page_4-1080x1398.jpg 1080w\" sizes=\"auto, (max-width: 3264px) 100vw, 3264px\" \/><\/p>\n<p>&nbsp;<\/p>\n<p>[\/et_pb_toggle][et_pb_toggle title=&#8221;Proc\u00e9dure : Int\u00e9grer la Video sur WordPress&#8221; _builder_version=&#8221;3.26&#8243;]<\/p>\n<p><img loading=\"lazy\" decoding=\"async\" src=\"http:\/\/seventy-nine.ca\/dev\/cfp07\/wp-content\/uploads\/P06_Procedure_Int\u00e9grerLeVideo_WP_Page_1.jpg\" width=\"1156\" height=\"1496\" alt=\"\" class=\"wp-image-368 aligncenter size-full\" srcset=\"http:\/\/seventy-nine.ca\/dev\/cfp07\/wp-content\/uploads\/P06_Procedure_Int\u00e9grerLeVideo_WP_Page_1.jpg 1156w, http:\/\/seventy-nine.ca\/dev\/cfp07\/wp-content\/uploads\/P06_Procedure_Int\u00e9grerLeVideo_WP_Page_1-232x300.jpg 232w, http:\/\/seventy-nine.ca\/dev\/cfp07\/wp-content\/uploads\/P06_Procedure_Int\u00e9grerLeVideo_WP_Page_1-768x994.jpg 768w, http:\/\/seventy-nine.ca\/dev\/cfp07\/wp-content\/uploads\/P06_Procedure_Int\u00e9grerLeVideo_WP_Page_1-791x1024.jpg 791w, http:\/\/seventy-nine.ca\/dev\/cfp07\/wp-content\/uploads\/P06_Procedure_Int\u00e9grerLeVideo_WP_Page_1-1080x1398.jpg 1080w\" sizes=\"auto, (max-width: 1156px) 100vw, 1156px\" \/><\/p>\n<p><img loading=\"lazy\" decoding=\"async\" src=\"http:\/\/seventy-nine.ca\/dev\/cfp07\/wp-content\/uploads\/P06_Procedure_Int\u00e9grerLeVideo_WP_Page_2.jpg\" width=\"1284\" height=\"1662\" alt=\"\" class=\"wp-image-369 aligncenter size-full\" srcset=\"http:\/\/seventy-nine.ca\/dev\/cfp07\/wp-content\/uploads\/P06_Procedure_Int\u00e9grerLeVideo_WP_Page_2.jpg 1284w, http:\/\/seventy-nine.ca\/dev\/cfp07\/wp-content\/uploads\/P06_Procedure_Int\u00e9grerLeVideo_WP_Page_2-232x300.jpg 232w, http:\/\/seventy-nine.ca\/dev\/cfp07\/wp-content\/uploads\/P06_Procedure_Int\u00e9grerLeVideo_WP_Page_2-768x994.jpg 768w, http:\/\/seventy-nine.ca\/dev\/cfp07\/wp-content\/uploads\/P06_Procedure_Int\u00e9grerLeVideo_WP_Page_2-791x1024.jpg 791w, http:\/\/seventy-nine.ca\/dev\/cfp07\/wp-content\/uploads\/P06_Procedure_Int\u00e9grerLeVideo_WP_Page_2-1080x1398.jpg 1080w\" sizes=\"auto, (max-width: 1284px) 100vw, 1284px\" \/><\/p>\n<p>[\/et_pb_toggle][\/et_pb_column][\/et_pb_row][\/et_pb_section]<\/p>\n","protected":false},"excerpt":{"rendered":"<p>[et_pb_section fb_built=&#8221;1&#8243; _builder_version=&#8221;3.26&#8243;][et_pb_row _builder_version=&#8221;3.26&#8243;][et_pb_column type=&#8221;4_4&#8243; _builder_version=&#8221;3.26&#8243;][et_pb_text _builder_version=&#8221;3.26&#8243;] Vid\u00e9o : publicit\u00e9 [\/et_pb_text][\/et_pb_column][\/et_pb_row][et_pb_row column_structure=&#8221;2_5,3_5&#8243; _builder_version=&#8221;3.26&#8243;][et_pb_column type=&#8221;2_5&#8243; _builder_version=&#8221;3.26&#8243;][et_pb_text _builder_version=&#8221;3.26&#8243;] Une synth\u00e8se num\u00e9rique ne serait pas compl\u00e8te sans une vid\u00e9o! Nous allons vous apprendre le logiciel vid\u00e9o le plus simple sur terre : imovie. Il permet de tout faire facilement et rapidement. Biensur, ses possibilit\u00e9s son limit\u00e9s mais suffisante [&hellip;]<\/p>\n","protected":false},"author":1,"featured_media":0,"parent":0,"menu_order":0,"comment_status":"closed","ping_status":"closed","template":"","meta":{"_et_pb_use_builder":"on","_et_pb_old_content":"","footnotes":""},"class_list":["post-538","page","type-page","status-publish","hentry"],"_links":{"self":[{"href":"http:\/\/seventy-nine.ca\/dev\/cfp07\/wp-json\/wp\/v2\/pages\/538","targetHints":{"allow":["GET"]}}],"collection":[{"href":"http:\/\/seventy-nine.ca\/dev\/cfp07\/wp-json\/wp\/v2\/pages"}],"about":[{"href":"http:\/\/seventy-nine.ca\/dev\/cfp07\/wp-json\/wp\/v2\/types\/page"}],"author":[{"embeddable":true,"href":"http:\/\/seventy-nine.ca\/dev\/cfp07\/wp-json\/wp\/v2\/users\/1"}],"replies":[{"embeddable":true,"href":"http:\/\/seventy-nine.ca\/dev\/cfp07\/wp-json\/wp\/v2\/comments?post=538"}],"version-history":[{"count":1,"href":"http:\/\/seventy-nine.ca\/dev\/cfp07\/wp-json\/wp\/v2\/pages\/538\/revisions"}],"predecessor-version":[{"id":544,"href":"http:\/\/seventy-nine.ca\/dev\/cfp07\/wp-json\/wp\/v2\/pages\/538\/revisions\/544"}],"wp:attachment":[{"href":"http:\/\/seventy-nine.ca\/dev\/cfp07\/wp-json\/wp\/v2\/media?parent=538"}],"curies":[{"name":"wp","href":"https:\/\/api.w.org\/{rel}","templated":true}]}}