{"id":341,"date":"2019-07-15T20:15:30","date_gmt":"2019-07-15T20:15:30","guid":{"rendered":"http:\/\/seventy-nine.ca\/dev\/cfp07\/?page_id=341"},"modified":"2019-07-31T00:50:46","modified_gmt":"2019-07-31T00:50:46","slug":"p05-medias-sociaux","status":"publish","type":"page","link":"http:\/\/seventy-nine.ca\/dev\/cfp07\/p05-medias-sociaux\/","title":{"rendered":"P05 : M\u00e9dias Sociaux"},"content":{"rendered":"<p>[et_pb_section fb_built=&#8221;1&#8243; _builder_version=&#8221;3.26&#8243;][et_pb_row _builder_version=&#8221;3.26&#8243;][et_pb_column type=&#8221;4_4&#8243; _builder_version=&#8221;3.26&#8243;][et_pb_text _builder_version=&#8221;3.26&#8243;]<\/p>\n<h2>M\u00c9DIAS SOCIAUX : BANNI\u00c8RES &amp; ARTICLES<\/h2>\n<p>[\/et_pb_text][\/et_pb_column][\/et_pb_row][et_pb_row column_structure=&#8221;2_5,3_5&#8243; _builder_version=&#8221;3.26&#8243;][et_pb_column type=&#8221;2_5&#8243; _builder_version=&#8221;3.26&#8243;][et_pb_text _builder_version=&#8221;3.26&#8243;]<\/p>\n<p>De nos jours, une campagne publicitaire qui n&#8217;incluerait pas les m\u00e9dias sociaux serait impenssable!<\/p>\n<p>Tout le monde est sur les m\u00e9dias sociaux, le bassin de client\u00e8le cible cibl\u00e9 y est \u00e9norme.\u00a0<\/p>\n<p>De plus, les m\u00e9dias sociaux ont l\u2019avantage d\u2019\u00eatre peu couteux par rapport \u00e0 la visibilit\u00e9 (Co\u00fbt Par Clic).<\/p>\n<p>Attention par contre \u00e0 ne pas d\u00e9passer le 20% de superficie de texte permis par les normes de facebook sinon, l&#8217;envois de votre publicit\u00e9 sera reistreinte.<\/p>\n<p>[\/et_pb_text][\/et_pb_column][et_pb_column type=&#8221;3_5&#8243; _builder_version=&#8221;3.26&#8243;][et_pb_text _builder_version=&#8221;3.26&#8243;]<\/p>\n<h4> Les \u00c9tapes<\/h4>\n<ol>\n<li>Travaillez dans Photoshop avec l&#8217;outil de plans de travail multiples.<\/li>\n<li>Cr\u00e9ez une banni\u00e8res pour Youtube.<\/li>\n<li>Cr\u00e9ez une banni\u00e8res pour Facebook.<\/li>\n<li>Cr\u00e9ez une banni\u00e8res pour Linkedin.<\/li>\n<li><span class=\"Apple-converted-space\"><\/span>Cr\u00e9ez 1 post Facebook anim\u00e9 (format shared image).<span class=\"Apple-converted-space\">\u00a0<\/span><\/li>\n<li><span class=\"Apple-converted-space\"><\/span>Cr\u00e9ez 2 posts Facebook statiques (format shared link).<\/li>\n<li><span class=\"Apple-converted-space\"><\/span>V\u00e9rifiez que ces posts ont <a href=\"https:\/\/www.facebook.com\/ads\/tools\/text_overlay\" target=\"_blank\" rel=\"noopener noreferrer\">moins de 20% de texte<\/a>.<\/li>\n<li><span class=\"Apple-converted-space\"><span>Remettre \u00e0 l&#8217;enseignat:<\/span><\/span>\n<ol>\n<li>Le fichier photoshop.<\/li>\n<li>Les 3 banni\u00e8res en jpg.<\/li>\n<li>Les 3 posts en jpg et en gif.<\/li>\n<li>Un srceenshot des 2 posts approuv\u00e9s par facebook.<\/li>\n<\/ol>\n<\/li>\n<\/ol>\n<p>[\/et_pb_text][\/et_pb_column][\/et_pb_row][et_pb_row _builder_version=&#8221;3.26&#8243;][et_pb_column type=&#8221;4_4&#8243; _builder_version=&#8221;3.26&#8243;][et_pb_button button_url=&#8221;http:\/\/seventy-nine.ca\/dev\/cfp07\/wp-content\/uploads\/M\u00e9diaSociaux-Dimensions.jpg&#8221; url_new_window=&#8221;on&#8221; button_text=&#8221;T\u00e9l\u00e9chargez le guide des formats 2019&#8243; _builder_version=&#8221;3.26&#8243; custom_padding=&#8221;|30px||30px|false|true&#8221;][\/et_pb_button][\/et_pb_column][\/et_pb_row][et_pb_row custom_padding=&#8221;100px|||||&#8221; _builder_version=&#8221;3.26&#8243;][et_pb_column type=&#8221;4_4&#8243; _builder_version=&#8221;3.26&#8243;][et_pb_toggle title=&#8221;Proc\u00e9dure : Photoshop : Plans de travail multiples&#8221; _builder_version=&#8221;3.26&#8243;]<\/p>\n<p><img loading=\"lazy\" decoding=\"async\" src=\"http:\/\/seventy-nine.ca\/dev\/cfp07\/wp-content\/uploads\/P05_PSD_Plans-de-travail_Page_1.jpg\" width=\"1462\" height=\"1892\" alt=\"\" class=\"wp-image-565 aligncenter size-full\" srcset=\"http:\/\/seventy-nine.ca\/dev\/cfp07\/wp-content\/uploads\/P05_PSD_Plans-de-travail_Page_1.jpg 1462w, http:\/\/seventy-nine.ca\/dev\/cfp07\/wp-content\/uploads\/P05_PSD_Plans-de-travail_Page_1-232x300.jpg 232w, http:\/\/seventy-nine.ca\/dev\/cfp07\/wp-content\/uploads\/P05_PSD_Plans-de-travail_Page_1-768x994.jpg 768w, http:\/\/seventy-nine.ca\/dev\/cfp07\/wp-content\/uploads\/P05_PSD_Plans-de-travail_Page_1-791x1024.jpg 791w, http:\/\/seventy-nine.ca\/dev\/cfp07\/wp-content\/uploads\/P05_PSD_Plans-de-travail_Page_1-1080x1398.jpg 1080w\" sizes=\"auto, (max-width: 1462px) 100vw, 1462px\" \/><\/p>\n<p>&nbsp;<\/p>\n<p><img loading=\"lazy\" decoding=\"async\" src=\"http:\/\/seventy-nine.ca\/dev\/cfp07\/wp-content\/uploads\/P05_PSD_Plans-de-travail_Page_2.jpg\" width=\"987\" height=\"1276\" alt=\"\" class=\"wp-image-566 aligncenter size-full\" srcset=\"http:\/\/seventy-nine.ca\/dev\/cfp07\/wp-content\/uploads\/P05_PSD_Plans-de-travail_Page_2.jpg 987w, http:\/\/seventy-nine.ca\/dev\/cfp07\/wp-content\/uploads\/P05_PSD_Plans-de-travail_Page_2-232x300.jpg 232w, http:\/\/seventy-nine.ca\/dev\/cfp07\/wp-content\/uploads\/P05_PSD_Plans-de-travail_Page_2-768x993.jpg 768w, http:\/\/seventy-nine.ca\/dev\/cfp07\/wp-content\/uploads\/P05_PSD_Plans-de-travail_Page_2-792x1024.jpg 792w, http:\/\/seventy-nine.ca\/dev\/cfp07\/wp-content\/uploads\/P05_PSD_Plans-de-travail_Page_2-400x516.jpg 400w\" sizes=\"auto, (max-width: 987px) 100vw, 987px\" \/><\/p>\n<p>&nbsp;<\/p>\n<p><img loading=\"lazy\" decoding=\"async\" src=\"http:\/\/seventy-nine.ca\/dev\/cfp07\/wp-content\/uploads\/P05_PSD_Plans-de-travail_Page_3.jpg\" width=\"1275\" height=\"1650\" alt=\"\" class=\"wp-image-567 aligncenter size-full\" srcset=\"http:\/\/seventy-nine.ca\/dev\/cfp07\/wp-content\/uploads\/P05_PSD_Plans-de-travail_Page_3.jpg 1275w, http:\/\/seventy-nine.ca\/dev\/cfp07\/wp-content\/uploads\/P05_PSD_Plans-de-travail_Page_3-232x300.jpg 232w, http:\/\/seventy-nine.ca\/dev\/cfp07\/wp-content\/uploads\/P05_PSD_Plans-de-travail_Page_3-768x994.jpg 768w, http:\/\/seventy-nine.ca\/dev\/cfp07\/wp-content\/uploads\/P05_PSD_Plans-de-travail_Page_3-791x1024.jpg 791w, http:\/\/seventy-nine.ca\/dev\/cfp07\/wp-content\/uploads\/P05_PSD_Plans-de-travail_Page_3-1080x1398.jpg 1080w\" sizes=\"auto, (max-width: 1275px) 100vw, 1275px\" \/><\/p>\n<p>&nbsp;<\/p>\n<p><img loading=\"lazy\" decoding=\"async\" src=\"http:\/\/seventy-nine.ca\/dev\/cfp07\/wp-content\/uploads\/P05_PSD_Plans-de-travail_Page_4.jpg\" width=\"1173\" height=\"1518\" alt=\"\" class=\"wp-image-568 aligncenter size-full\" srcset=\"http:\/\/seventy-nine.ca\/dev\/cfp07\/wp-content\/uploads\/P05_PSD_Plans-de-travail_Page_4.jpg 1173w, http:\/\/seventy-nine.ca\/dev\/cfp07\/wp-content\/uploads\/P05_PSD_Plans-de-travail_Page_4-232x300.jpg 232w, http:\/\/seventy-nine.ca\/dev\/cfp07\/wp-content\/uploads\/P05_PSD_Plans-de-travail_Page_4-768x994.jpg 768w, http:\/\/seventy-nine.ca\/dev\/cfp07\/wp-content\/uploads\/P05_PSD_Plans-de-travail_Page_4-791x1024.jpg 791w, http:\/\/seventy-nine.ca\/dev\/cfp07\/wp-content\/uploads\/P05_PSD_Plans-de-travail_Page_4-1080x1398.jpg 1080w\" sizes=\"auto, (max-width: 1173px) 100vw, 1173px\" \/><\/p>\n<p>&nbsp;<\/p>\n<p>&nbsp;<\/p>\n<p>[\/et_pb_toggle][\/et_pb_column][\/et_pb_row][\/et_pb_section]<\/p>\n","protected":false},"excerpt":{"rendered":"<p>[et_pb_section fb_built=&#8221;1&#8243; _builder_version=&#8221;3.26&#8243;][et_pb_row _builder_version=&#8221;3.26&#8243;][et_pb_column type=&#8221;4_4&#8243; _builder_version=&#8221;3.26&#8243;][et_pb_text _builder_version=&#8221;3.26&#8243;] M\u00c9DIAS SOCIAUX : BANNI\u00c8RES &amp; ARTICLES [\/et_pb_text][\/et_pb_column][\/et_pb_row][et_pb_row column_structure=&#8221;2_5,3_5&#8243; _builder_version=&#8221;3.26&#8243;][et_pb_column type=&#8221;2_5&#8243; _builder_version=&#8221;3.26&#8243;][et_pb_text _builder_version=&#8221;3.26&#8243;] De nos jours, une campagne publicitaire qui n&#8217;incluerait pas les m\u00e9dias sociaux serait impenssable! Tout le monde est sur les m\u00e9dias sociaux, le bassin de client\u00e8le cible cibl\u00e9 y est \u00e9norme.\u00a0 De plus, les m\u00e9dias sociaux [&hellip;]<\/p>\n","protected":false},"author":1,"featured_media":0,"parent":0,"menu_order":0,"comment_status":"closed","ping_status":"closed","template":"","meta":{"_et_pb_use_builder":"on","_et_pb_old_content":"","footnotes":""},"class_list":["post-341","page","type-page","status-publish","hentry"],"_links":{"self":[{"href":"http:\/\/seventy-nine.ca\/dev\/cfp07\/wp-json\/wp\/v2\/pages\/341","targetHints":{"allow":["GET"]}}],"collection":[{"href":"http:\/\/seventy-nine.ca\/dev\/cfp07\/wp-json\/wp\/v2\/pages"}],"about":[{"href":"http:\/\/seventy-nine.ca\/dev\/cfp07\/wp-json\/wp\/v2\/types\/page"}],"author":[{"embeddable":true,"href":"http:\/\/seventy-nine.ca\/dev\/cfp07\/wp-json\/wp\/v2\/users\/1"}],"replies":[{"embeddable":true,"href":"http:\/\/seventy-nine.ca\/dev\/cfp07\/wp-json\/wp\/v2\/comments?post=341"}],"version-history":[{"count":1,"href":"http:\/\/seventy-nine.ca\/dev\/cfp07\/wp-json\/wp\/v2\/pages\/341\/revisions"}],"predecessor-version":[{"id":571,"href":"http:\/\/seventy-nine.ca\/dev\/cfp07\/wp-json\/wp\/v2\/pages\/341\/revisions\/571"}],"wp:attachment":[{"href":"http:\/\/seventy-nine.ca\/dev\/cfp07\/wp-json\/wp\/v2\/media?parent=341"}],"curies":[{"name":"wp","href":"https:\/\/api.w.org\/{rel}","templated":true}]}}