{"id":284,"date":"2019-07-14T20:24:00","date_gmt":"2019-07-14T20:24:00","guid":{"rendered":"http:\/\/seventy-nine.ca\/dev\/cfp07\/?page_id=284"},"modified":"2019-07-30T20:48:48","modified_gmt":"2019-07-30T20:48:48","slug":"p03-animation","status":"publish","type":"page","link":"http:\/\/seventy-nine.ca\/dev\/cfp07\/p03-animation\/","title":{"rendered":"P03 : Animation"},"content":{"rendered":"<p>[et_pb_section fb_built=&#8221;1&#8243; _builder_version=&#8221;3.26&#8243;][et_pb_row _builder_version=&#8221;3.26&#8243;][et_pb_column type=&#8221;4_4&#8243; _builder_version=&#8221;3.26&#8243;][et_pb_text _builder_version=&#8221;3.26&#8243;]<\/p>\n<h2>Publicit\u00e9s Anim\u00e9s<\/h2>\n<p>[\/et_pb_text][\/et_pb_column][\/et_pb_row][et_pb_row column_structure=&#8221;2_5,3_5&#8243; _builder_version=&#8221;3.26&#8243;][et_pb_column type=&#8221;2_5&#8243; _builder_version=&#8221;3.26&#8243;][et_pb_text _builder_version=&#8221;3.26&#8243;]<\/p>\n<p>L&#8217;objectif est d&#8217;apprendre le logiciel d&#8217;animation web HYPE5.\u00a0<\/p>\n<p>Pour ce faire, nous vous demandons d&#8217;explorer les diff\u00e9rentes possibilit\u00e9s du logiciel et de cr\u00e9er 3 animations diff\u00e9rentes. Nous vous fournirons des exemples et des d\u00e9monstrations en classe.<\/p>\n<p>Une fois termin\u00e9s, ces animations seront int\u00e9gr\u00e9s dans les 3 gabarits de pr\u00e9sentation ainsi qu&#8217;une animation de votre choix sur votre site web.<\/p>\n<p>[\/et_pb_text][\/et_pb_column][et_pb_column type=&#8221;3_5&#8243; _builder_version=&#8221;3.26&#8243;][et_pb_text _builder_version=&#8221;3.26&#8243;]<\/p>\n<h4> Les \u00c9tapes\u00a0<\/h4>\n<ol>\n<li>D\u00e9terminer les dimensions d&#8217;apr\u00e8s les gabarits fournis.<\/li>\n<li>Cr\u00e9er 3 publicit\u00e9s anim\u00e9s comprenant au moins une fois:\n<ol>\n<li>Les sc\u00e8nes<\/li>\n<li>Liens vers un URL<\/li>\n<li>Action mouvement<\/li>\n<li>Action transparence<\/li>\n<li>Balayage d\u2019\u00e9cran<\/li>\n<\/ol>\n<\/li>\n<li>\n<p>Int\u00e9grer les animations dans les gabarits:<\/p>\n<ol>\n<li>Plein \u00e9cran<\/li>\n<li>Demi \u00e9cran<\/li>\n<li>Tier \u00e9cran horizontal<\/li>\n<\/ol>\n<\/li>\n<li>Choisir une animation et l&#8217;int\u00e9grer dans votre site WordPress.<\/li>\n<\/ol>\n<p>[\/et_pb_text][\/et_pb_column][\/et_pb_row][et_pb_row _builder_version=&#8221;3.26&#8243;][et_pb_column type=&#8221;4_4&#8243; _builder_version=&#8221;3.26&#8243;][et_pb_button button_url=&#8221;http:\/\/seventy-nine.ca\/dev\/cfp07\/wp-content\/uploads\/GABARITS_LAPRESSE.zip&#8221; url_new_window=&#8221;on&#8221; button_text=&#8221;T\u00e9l\u00e9chargez les Gabarits&#8221; _builder_version=&#8221;3.26&#8243; custom_padding=&#8221;|30px||30px|false|true&#8221;][\/et_pb_button][\/et_pb_column][\/et_pb_row][et_pb_row custom_padding=&#8221;100px|||||&#8221; _builder_version=&#8221;3.26&#8243;][et_pb_column type=&#8221;4_4&#8243; _builder_version=&#8221;3.26&#8243;][et_pb_toggle title=&#8221;Hype : Integration HTML&#8221; open_toggle_background_color=&#8221;#f7f6f5&#8243; closed_toggle_background_color=&#8221;#f7f6f5&#8243; icon_color=&#8221;#7cda24&#8243; use_icon_font_size=&#8221;on&#8221; icon_font_size=&#8221;20px&#8221; _builder_version=&#8221;3.26&#8243;]<\/p>\n<p><img loading=\"lazy\" decoding=\"async\" src=\"http:\/\/seventy-nine.ca\/dev\/cfp07\/wp-content\/uploads\/P03_Hype-Integration_Page_1.jpg\" width=\"842\" height=\"1089\" alt=\"\" class=\"wp-image-325 aligncenter size-full\" srcset=\"http:\/\/seventy-nine.ca\/dev\/cfp07\/wp-content\/uploads\/P03_Hype-Integration_Page_1.jpg 842w, http:\/\/seventy-nine.ca\/dev\/cfp07\/wp-content\/uploads\/P03_Hype-Integration_Page_1-232x300.jpg 232w, http:\/\/seventy-nine.ca\/dev\/cfp07\/wp-content\/uploads\/P03_Hype-Integration_Page_1-768x993.jpg 768w, http:\/\/seventy-nine.ca\/dev\/cfp07\/wp-content\/uploads\/P03_Hype-Integration_Page_1-792x1024.jpg 792w, http:\/\/seventy-nine.ca\/dev\/cfp07\/wp-content\/uploads\/P03_Hype-Integration_Page_1-400x516.jpg 400w\" sizes=\"auto, (max-width: 842px) 100vw, 842px\" \/><\/p>\n<p><img loading=\"lazy\" decoding=\"async\" src=\"http:\/\/seventy-nine.ca\/dev\/cfp07\/wp-content\/uploads\/P03_Hype-Integration_Page_2.jpg\" width=\"1071\" height=\"1386\" alt=\"\" class=\"wp-image-326 aligncenter size-full\" srcset=\"http:\/\/seventy-nine.ca\/dev\/cfp07\/wp-content\/uploads\/P03_Hype-Integration_Page_2.jpg 1071w, http:\/\/seventy-nine.ca\/dev\/cfp07\/wp-content\/uploads\/P03_Hype-Integration_Page_2-232x300.jpg 232w, http:\/\/seventy-nine.ca\/dev\/cfp07\/wp-content\/uploads\/P03_Hype-Integration_Page_2-768x994.jpg 768w, http:\/\/seventy-nine.ca\/dev\/cfp07\/wp-content\/uploads\/P03_Hype-Integration_Page_2-791x1024.jpg 791w\" sizes=\"auto, (max-width: 1071px) 100vw, 1071px\" \/><\/p>\n<p><img loading=\"lazy\" decoding=\"async\" src=\"http:\/\/seventy-nine.ca\/dev\/cfp07\/wp-content\/uploads\/P03_Hype-Integration_Page_3.jpg\" width=\"2032\" height=\"2629\" alt=\"\" class=\"wp-image-327 aligncenter size-full\" srcset=\"http:\/\/seventy-nine.ca\/dev\/cfp07\/wp-content\/uploads\/P03_Hype-Integration_Page_3.jpg 2032w, http:\/\/seventy-nine.ca\/dev\/cfp07\/wp-content\/uploads\/P03_Hype-Integration_Page_3-232x300.jpg 232w, http:\/\/seventy-nine.ca\/dev\/cfp07\/wp-content\/uploads\/P03_Hype-Integration_Page_3-768x994.jpg 768w, http:\/\/seventy-nine.ca\/dev\/cfp07\/wp-content\/uploads\/P03_Hype-Integration_Page_3-791x1024.jpg 791w, http:\/\/seventy-nine.ca\/dev\/cfp07\/wp-content\/uploads\/P03_Hype-Integration_Page_3-1080x1397.jpg 1080w\" sizes=\"auto, (max-width: 2032px) 100vw, 2032px\" \/><\/p>\n<p><img loading=\"lazy\" decoding=\"async\" src=\"http:\/\/seventy-nine.ca\/dev\/cfp07\/wp-content\/uploads\/P03_Hype-Integration_Page_4.jpg\" width=\"1514\" height=\"1959\" alt=\"\" class=\"wp-image-328 aligncenter size-full\" srcset=\"http:\/\/seventy-nine.ca\/dev\/cfp07\/wp-content\/uploads\/P03_Hype-Integration_Page_4.jpg 1514w, http:\/\/seventy-nine.ca\/dev\/cfp07\/wp-content\/uploads\/P03_Hype-Integration_Page_4-232x300.jpg 232w, http:\/\/seventy-nine.ca\/dev\/cfp07\/wp-content\/uploads\/P03_Hype-Integration_Page_4-768x994.jpg 768w, http:\/\/seventy-nine.ca\/dev\/cfp07\/wp-content\/uploads\/P03_Hype-Integration_Page_4-791x1024.jpg 791w, http:\/\/seventy-nine.ca\/dev\/cfp07\/wp-content\/uploads\/P03_Hype-Integration_Page_4-1080x1397.jpg 1080w\" sizes=\"auto, (max-width: 1514px) 100vw, 1514px\" \/><\/p>\n<p>[\/et_pb_toggle][et_pb_toggle title=&#8221;Hype : Int\u00e9gration WordPress&#8221; open_toggle_background_color=&#8221;#f7f6f5&#8243; closed_toggle_background_color=&#8221;#f7f6f5&#8243; icon_color=&#8221;#7cda24&#8243; use_icon_font_size=&#8221;on&#8221; icon_font_size=&#8221;20px&#8221; _builder_version=&#8221;3.26&#8243;]<\/p>\n<p><img loading=\"lazy\" decoding=\"async\" src=\"http:\/\/seventy-nine.ca\/dev\/cfp07\/wp-content\/uploads\/P03_Hype-IntegrationWP_Page_1.jpg\" width=\"1760\" height=\"2277\" alt=\"\" class=\"wp-image-329 aligncenter size-full\" srcset=\"http:\/\/seventy-nine.ca\/dev\/cfp07\/wp-content\/uploads\/P03_Hype-IntegrationWP_Page_1.jpg 1760w, http:\/\/seventy-nine.ca\/dev\/cfp07\/wp-content\/uploads\/P03_Hype-IntegrationWP_Page_1-232x300.jpg 232w, http:\/\/seventy-nine.ca\/dev\/cfp07\/wp-content\/uploads\/P03_Hype-IntegrationWP_Page_1-768x994.jpg 768w, http:\/\/seventy-nine.ca\/dev\/cfp07\/wp-content\/uploads\/P03_Hype-IntegrationWP_Page_1-791x1024.jpg 791w, http:\/\/seventy-nine.ca\/dev\/cfp07\/wp-content\/uploads\/P03_Hype-IntegrationWP_Page_1-1080x1397.jpg 1080w\" sizes=\"auto, (max-width: 1760px) 100vw, 1760px\" \/><\/p>\n<p><img loading=\"lazy\" decoding=\"async\" src=\"http:\/\/seventy-nine.ca\/dev\/cfp07\/wp-content\/uploads\/P03_Hype-IntegrationWP_Page_2.jpg\" width=\"1139\" height=\"1474\" alt=\"\" class=\"wp-image-330 aligncenter size-full\" srcset=\"http:\/\/seventy-nine.ca\/dev\/cfp07\/wp-content\/uploads\/P03_Hype-IntegrationWP_Page_2.jpg 1139w, http:\/\/seventy-nine.ca\/dev\/cfp07\/wp-content\/uploads\/P03_Hype-IntegrationWP_Page_2-232x300.jpg 232w, http:\/\/seventy-nine.ca\/dev\/cfp07\/wp-content\/uploads\/P03_Hype-IntegrationWP_Page_2-768x994.jpg 768w, http:\/\/seventy-nine.ca\/dev\/cfp07\/wp-content\/uploads\/P03_Hype-IntegrationWP_Page_2-791x1024.jpg 791w, http:\/\/seventy-nine.ca\/dev\/cfp07\/wp-content\/uploads\/P03_Hype-IntegrationWP_Page_2-1080x1398.jpg 1080w\" sizes=\"auto, (max-width: 1139px) 100vw, 1139px\" \/><\/p>\n<p>[\/et_pb_toggle][\/et_pb_column][\/et_pb_row][\/et_pb_section]<\/p>\n","protected":false},"excerpt":{"rendered":"<p>[et_pb_section fb_built=&#8221;1&#8243; _builder_version=&#8221;3.26&#8243;][et_pb_row _builder_version=&#8221;3.26&#8243;][et_pb_column type=&#8221;4_4&#8243; _builder_version=&#8221;3.26&#8243;][et_pb_text _builder_version=&#8221;3.26&#8243;] Publicit\u00e9s Anim\u00e9s [\/et_pb_text][\/et_pb_column][\/et_pb_row][et_pb_row column_structure=&#8221;2_5,3_5&#8243; _builder_version=&#8221;3.26&#8243;][et_pb_column type=&#8221;2_5&#8243; _builder_version=&#8221;3.26&#8243;][et_pb_text _builder_version=&#8221;3.26&#8243;] L&#8217;objectif est d&#8217;apprendre le logiciel d&#8217;animation web HYPE5.\u00a0 Pour ce faire, nous vous demandons d&#8217;explorer les diff\u00e9rentes possibilit\u00e9s du logiciel et de cr\u00e9er 3 animations diff\u00e9rentes. Nous vous fournirons des exemples et des d\u00e9monstrations en classe. Une fois termin\u00e9s, ces [&hellip;]<\/p>\n","protected":false},"author":1,"featured_media":0,"parent":0,"menu_order":0,"comment_status":"closed","ping_status":"closed","template":"","meta":{"_et_pb_use_builder":"on","_et_pb_old_content":"","footnotes":""},"class_list":["post-284","page","type-page","status-publish","hentry"],"_links":{"self":[{"href":"http:\/\/seventy-nine.ca\/dev\/cfp07\/wp-json\/wp\/v2\/pages\/284","targetHints":{"allow":["GET"]}}],"collection":[{"href":"http:\/\/seventy-nine.ca\/dev\/cfp07\/wp-json\/wp\/v2\/pages"}],"about":[{"href":"http:\/\/seventy-nine.ca\/dev\/cfp07\/wp-json\/wp\/v2\/types\/page"}],"author":[{"embeddable":true,"href":"http:\/\/seventy-nine.ca\/dev\/cfp07\/wp-json\/wp\/v2\/users\/1"}],"replies":[{"embeddable":true,"href":"http:\/\/seventy-nine.ca\/dev\/cfp07\/wp-json\/wp\/v2\/comments?post=284"}],"version-history":[{"count":2,"href":"http:\/\/seventy-nine.ca\/dev\/cfp07\/wp-json\/wp\/v2\/pages\/284\/revisions"}],"predecessor-version":[{"id":332,"href":"http:\/\/seventy-nine.ca\/dev\/cfp07\/wp-json\/wp\/v2\/pages\/284\/revisions\/332"}],"wp:attachment":[{"href":"http:\/\/seventy-nine.ca\/dev\/cfp07\/wp-json\/wp\/v2\/media?parent=284"}],"curies":[{"name":"wp","href":"https:\/\/api.w.org\/{rel}","templated":true}]}}