{"id":216,"date":"2019-07-13T01:13:28","date_gmt":"2019-07-13T01:13:28","guid":{"rendered":"http:\/\/seventy-nine.ca\/dev\/cfp07\/?page_id=216"},"modified":"2019-07-30T21:11:35","modified_gmt":"2019-07-30T21:11:35","slug":"p01-site-web","status":"publish","type":"page","link":"http:\/\/seventy-nine.ca\/dev\/cfp07\/p01-site-web\/","title":{"rendered":"P01 : Site Web"},"content":{"rendered":"<p>[et_pb_section fb_built=&#8221;1&#8243; _builder_version=&#8221;3.26&#8243;][et_pb_row custom_margin=&#8221;35px|auto||auto||&#8221; _builder_version=&#8221;3.26&#8243;][et_pb_column type=&#8221;4_4&#8243; _builder_version=&#8221;3.26&#8243;][et_pb_text _builder_version=&#8221;3.26&#8243;]<\/p>\n<h2>Conception d&#8217;un site WordPress<\/h2>\n<p>[\/et_pb_text][\/et_pb_column][\/et_pb_row][et_pb_row column_structure=&#8221;2_5,3_5&#8243; _builder_version=&#8221;3.26&#8243;][et_pb_column type=&#8221;2_5&#8243; _builder_version=&#8221;3.26&#8243;][et_pb_text _builder_version=&#8221;3.26&#8243;]<\/p>\n<p><span>Pour la phase 2, vous devez concevoir le site web <em>responsive<\/em> complet d&#8217;un client. Les pages et leur contenu\u00a0doivent se conformer au plan de l&#8217;arboressance fournis par le client.\u00a0<\/span><\/p>\n<p><span>Vous \u00eates libre de concevoir le site de la fa\u00e7on qu&#8217;il vous plaira, avec les extensions de votre choix et selon le style que vous aurez d\u00e9cid\u00e9.<\/span><\/p>\n<p>Toute cette libert\u00e9 s&#8217;accompagne ne viens pas sans contrepartie; vous devrez faire des recherches pour touver, comprendre et int\u00e9grer les \u00e9l\u00e9ments de votre choix. L&#8217;enseignant viendra vous aider uniquement si vous avez d\u00e9j\u00e0 fait l&#8217;effort d&#8217;essayer de comprendre par vous-m\u00eame.\u00a0<\/p>\n<p>[\/et_pb_text][\/et_pb_column][et_pb_column type=&#8221;3_5&#8243; _builder_version=&#8221;3.26&#8243;][et_pb_text _builder_version=&#8221;3.26&#8243;]<\/p>\n<h4>LES \u00c9TAPES<\/h4>\n<ol>\n<li>Installation de WordPress sur votre poste<span class=\"Apple-converted-space\">\u00a0<\/span><\/li>\n<li>Trouver votre th\u00e8me <i>responsive <\/i>et le faire approuver<span class=\"Apple-converted-space\">\u00a0<\/span><\/li>\n<li>Cr\u00e9er un th\u00e8me-enfant et personnaliser le visuel<span class=\"Apple-converted-space\">\u00a0<\/span><\/li>\n<li>Optimiser les images et les importer<span class=\"Apple-converted-space\">\u00a0<\/span><\/li>\n<li>Ajouter des extensions pour personnaliser le th\u00e8me<span class=\"Apple-converted-space\">\u00a0<\/span><\/li>\n<li>Modifier les css pour personnaliser le th\u00e8me<span class=\"Apple-converted-space\">\u00a0<\/span><\/li>\n<li>Cr\u00e9er le menu d\u2019apr\u00e8s l\u2019arborescence fournie<span class=\"Apple-converted-space\">\u00a0<\/span><\/li>\n<li>Construire les pages d\u2019apr\u00e8s les demandes du client<span class=\"Apple-converted-space\">\u00a0<\/span><\/li>\n<li>Int\u00e9grer l\u2019animation et la vid\u00e9o plus tard<span class=\"Apple-converted-space\">\u00a0<\/span><\/li>\n<li>Faire la migration de votre ordinateur au serveur<span class=\"Apple-converted-space\">\u00a0<\/span><\/li>\n<li>Cr\u00e9er des mockups pour pr\u00e9sentation<\/li>\n<\/ol>\n<p>[\/et_pb_text][\/et_pb_column][\/et_pb_row][et_pb_row custom_padding=&#8221;100px||46px|||&#8221; _builder_version=&#8221;3.26&#8243;][et_pb_column type=&#8221;4_4&#8243; _builder_version=&#8221;3.26&#8243;][et_pb_toggle title=&#8221;Proc\u00e9dure : Installation %91MAMP+WP%93&#8243; open_toggle_background_color=&#8221;#f7f6f5&#8243; closed_toggle_background_color=&#8221;#f7f6f5&#8243; icon_color=&#8221;#7cda24&#8243; use_icon_font_size=&#8221;on&#8221; icon_font_size=&#8221;20px&#8221; _builder_version=&#8221;3.26&#8243;]<\/p>\n<p><img loading=\"lazy\" decoding=\"async\" src=\"http:\/\/seventy-nine.ca\/dev\/cfp07\/wp-content\/uploads\/P02_MAMP_Wordpress__Page_1.jpg\" width=\"1547\" height=\"2002\" alt=\"\" class=\"wp-image-222 aligncenter size-full\" srcset=\"http:\/\/seventy-nine.ca\/dev\/cfp07\/wp-content\/uploads\/P02_MAMP_Wordpress__Page_1.jpg 1547w, http:\/\/seventy-nine.ca\/dev\/cfp07\/wp-content\/uploads\/P02_MAMP_Wordpress__Page_1-232x300.jpg 232w, http:\/\/seventy-nine.ca\/dev\/cfp07\/wp-content\/uploads\/P02_MAMP_Wordpress__Page_1-768x994.jpg 768w, http:\/\/seventy-nine.ca\/dev\/cfp07\/wp-content\/uploads\/P02_MAMP_Wordpress__Page_1-791x1024.jpg 791w, http:\/\/seventy-nine.ca\/dev\/cfp07\/wp-content\/uploads\/P02_MAMP_Wordpress__Page_1-1080x1398.jpg 1080w\" sizes=\"auto, (max-width: 1547px) 100vw, 1547px\" \/><\/p>\n<p><b><\/b><\/p>\n<p style=\"padding-left: 30px;\"><span class=\"Apple-converted-space\">\u00a0<\/span>Au besoin, t\u00e9l\u00e9charger une nouvelle version au<span class=\"Apple-converted-space\">\u00a0<\/span>https:\/\/www.mamp.info\/en\/downloads\/<span class=\"Apple-converted-space\">\u00a0<\/span><\/p>\n<p><img loading=\"lazy\" decoding=\"async\" src=\"http:\/\/seventy-nine.ca\/dev\/cfp07\/wp-content\/uploads\/P02_MAMP_Wordpress__Page_2.jpg\" width=\"1615\" height=\"2090\" alt=\"\" class=\"wp-image-223 aligncenter size-full\" srcset=\"http:\/\/seventy-nine.ca\/dev\/cfp07\/wp-content\/uploads\/P02_MAMP_Wordpress__Page_2.jpg 1615w, http:\/\/seventy-nine.ca\/dev\/cfp07\/wp-content\/uploads\/P02_MAMP_Wordpress__Page_2-232x300.jpg 232w, http:\/\/seventy-nine.ca\/dev\/cfp07\/wp-content\/uploads\/P02_MAMP_Wordpress__Page_2-768x994.jpg 768w, http:\/\/seventy-nine.ca\/dev\/cfp07\/wp-content\/uploads\/P02_MAMP_Wordpress__Page_2-791x1024.jpg 791w, http:\/\/seventy-nine.ca\/dev\/cfp07\/wp-content\/uploads\/P02_MAMP_Wordpress__Page_2-1080x1398.jpg 1080w\" sizes=\"auto, (max-width: 1615px) 100vw, 1615px\" \/><\/p>\n<p style=\"padding-left: 30px;\">Au besoin, t\u00e9l\u00e9charger la derni\u00e8re version au :<span class=\"Apple-converted-space\">\u00a0<\/span>https:\/\/fr-ca.wordpress.org\/download\/<span class=\"Apple-converted-space\">\u00a0<\/span><\/p>\n<p><img loading=\"lazy\" decoding=\"async\" src=\"http:\/\/seventy-nine.ca\/dev\/cfp07\/wp-content\/uploads\/P02_MAMP_Wordpress__Page_3.jpg\" width=\"1794\" height=\"2321\" alt=\"\" class=\"wp-image-224 aligncenter size-full\" srcset=\"http:\/\/seventy-nine.ca\/dev\/cfp07\/wp-content\/uploads\/P02_MAMP_Wordpress__Page_3.jpg 1794w, http:\/\/seventy-nine.ca\/dev\/cfp07\/wp-content\/uploads\/P02_MAMP_Wordpress__Page_3-232x300.jpg 232w, http:\/\/seventy-nine.ca\/dev\/cfp07\/wp-content\/uploads\/P02_MAMP_Wordpress__Page_3-768x994.jpg 768w, http:\/\/seventy-nine.ca\/dev\/cfp07\/wp-content\/uploads\/P02_MAMP_Wordpress__Page_3-791x1024.jpg 791w, http:\/\/seventy-nine.ca\/dev\/cfp07\/wp-content\/uploads\/P02_MAMP_Wordpress__Page_3-1080x1397.jpg 1080w\" sizes=\"auto, (max-width: 1794px) 100vw, 1794px\" \/><\/p>\n<p><img loading=\"lazy\" decoding=\"async\" src=\"http:\/\/seventy-nine.ca\/dev\/cfp07\/wp-content\/uploads\/P02_MAMP_Wordpress__Page_4.jpg\" width=\"2091\" height=\"2706\" alt=\"\" class=\"wp-image-225 aligncenter size-full\" srcset=\"http:\/\/seventy-nine.ca\/dev\/cfp07\/wp-content\/uploads\/P02_MAMP_Wordpress__Page_4.jpg 2091w, http:\/\/seventy-nine.ca\/dev\/cfp07\/wp-content\/uploads\/P02_MAMP_Wordpress__Page_4-232x300.jpg 232w, http:\/\/seventy-nine.ca\/dev\/cfp07\/wp-content\/uploads\/P02_MAMP_Wordpress__Page_4-768x994.jpg 768w, http:\/\/seventy-nine.ca\/dev\/cfp07\/wp-content\/uploads\/P02_MAMP_Wordpress__Page_4-791x1024.jpg 791w, http:\/\/seventy-nine.ca\/dev\/cfp07\/wp-content\/uploads\/P02_MAMP_Wordpress__Page_4-1080x1398.jpg 1080w\" sizes=\"auto, (max-width: 2091px) 100vw, 2091px\" \/><\/p>\n<p><img loading=\"lazy\" decoding=\"async\" src=\"http:\/\/seventy-nine.ca\/dev\/cfp07\/wp-content\/uploads\/P02_MAMP_Wordpress__Page_5.jpg\" width=\"2550\" height=\"3300\" alt=\"\" class=\"wp-image-226 aligncenter size-full\" srcset=\"http:\/\/seventy-nine.ca\/dev\/cfp07\/wp-content\/uploads\/P02_MAMP_Wordpress__Page_5.jpg 2550w, http:\/\/seventy-nine.ca\/dev\/cfp07\/wp-content\/uploads\/P02_MAMP_Wordpress__Page_5-232x300.jpg 232w, http:\/\/seventy-nine.ca\/dev\/cfp07\/wp-content\/uploads\/P02_MAMP_Wordpress__Page_5-768x994.jpg 768w, http:\/\/seventy-nine.ca\/dev\/cfp07\/wp-content\/uploads\/P02_MAMP_Wordpress__Page_5-791x1024.jpg 791w, http:\/\/seventy-nine.ca\/dev\/cfp07\/wp-content\/uploads\/P02_MAMP_Wordpress__Page_5-1080x1398.jpg 1080w\" sizes=\"auto, (max-width: 2550px) 100vw, 2550px\" \/><\/p>\n<p style=\"padding-left: 30px;\">\/*<span class=\"Apple-converted-space\"><br \/> <\/span>Theme Name: Twenty Thirteen &#8211; enfant<span class=\"Apple-converted-space\">\u00a0<\/span>Description: Variation sur le th\u00e8me Twenty Thirteen<span class=\"Apple-converted-space\"><br \/> <\/span>Author: Nom, Pr\u00e9nom<span class=\"Apple-converted-space\"><br \/> <\/span>Version: 0,0,1<span class=\"Apple-converted-space\"><br \/> <\/span>Template: twentythirteen<span class=\"Apple-converted-space\"><br \/> <\/span>*\/<\/p>\n<p style=\"padding-left: 30px;\">\/* importer tous les styles css de Twenty Thirteen *\/<br \/> @import url(&#8216;..\/twentythirteen\/style.css&#8217;);<span class=\"Apple-converted-space\">\u00a0<\/span><\/p>\n<p><b><span class=\"Apple-converted-space\">\u00a0<\/span><\/b><\/p>\n<p><img loading=\"lazy\" decoding=\"async\" src=\"http:\/\/seventy-nine.ca\/dev\/cfp07\/wp-content\/uploads\/P02_MAMP_Wordpress__Page_6.jpg\" width=\"3196\" height=\"4136\" alt=\"\" class=\"wp-image-227 aligncenter size-full\" srcset=\"http:\/\/seventy-nine.ca\/dev\/cfp07\/wp-content\/uploads\/P02_MAMP_Wordpress__Page_6.jpg 3196w, http:\/\/seventy-nine.ca\/dev\/cfp07\/wp-content\/uploads\/P02_MAMP_Wordpress__Page_6-232x300.jpg 232w, http:\/\/seventy-nine.ca\/dev\/cfp07\/wp-content\/uploads\/P02_MAMP_Wordpress__Page_6-768x994.jpg 768w, http:\/\/seventy-nine.ca\/dev\/cfp07\/wp-content\/uploads\/P02_MAMP_Wordpress__Page_6-791x1024.jpg 791w, http:\/\/seventy-nine.ca\/dev\/cfp07\/wp-content\/uploads\/P02_MAMP_Wordpress__Page_6-1080x1398.jpg 1080w\" sizes=\"auto, (max-width: 3196px) 100vw, 3196px\" \/><\/p>\n<p><img loading=\"lazy\" decoding=\"async\" src=\"http:\/\/seventy-nine.ca\/dev\/cfp07\/wp-content\/uploads\/P02_MAMP_Wordpress__Page_7.jpg\" width=\"2950\" height=\"3818\" alt=\"\" class=\"wp-image-228 aligncenter size-full\" srcset=\"http:\/\/seventy-nine.ca\/dev\/cfp07\/wp-content\/uploads\/P02_MAMP_Wordpress__Page_7.jpg 2950w, http:\/\/seventy-nine.ca\/dev\/cfp07\/wp-content\/uploads\/P02_MAMP_Wordpress__Page_7-232x300.jpg 232w, http:\/\/seventy-nine.ca\/dev\/cfp07\/wp-content\/uploads\/P02_MAMP_Wordpress__Page_7-768x994.jpg 768w, http:\/\/seventy-nine.ca\/dev\/cfp07\/wp-content\/uploads\/P02_MAMP_Wordpress__Page_7-791x1024.jpg 791w, http:\/\/seventy-nine.ca\/dev\/cfp07\/wp-content\/uploads\/P02_MAMP_Wordpress__Page_7-1080x1398.jpg 1080w\" sizes=\"auto, (max-width: 2950px) 100vw, 2950px\" \/><\/p>\n<p>[\/et_pb_toggle][et_pb_toggle title=&#8221;Proc\u00e9dure : Migration&#8221; open_toggle_background_color=&#8221;#f7f6f5&#8243; closed_toggle_background_color=&#8221;#f7f6f5&#8243; icon_color=&#8221;#7cda24&#8243; use_icon_font_size=&#8221;on&#8221; icon_font_size=&#8221;20px&#8221; _builder_version=&#8221;3.26&#8243;]<\/p>\n<p><img loading=\"lazy\" decoding=\"async\" src=\"http:\/\/seventy-nine.ca\/dev\/cfp07\/wp-content\/uploads\/WP_Migration_Eleves03_Page_1.jpg\" width=\"1471\" height=\"1903\" alt=\"\" class=\"wp-image-271 aligncenter size-full\" srcset=\"http:\/\/seventy-nine.ca\/dev\/cfp07\/wp-content\/uploads\/WP_Migration_Eleves03_Page_1.jpg 1471w, http:\/\/seventy-nine.ca\/dev\/cfp07\/wp-content\/uploads\/WP_Migration_Eleves03_Page_1-232x300.jpg 232w, http:\/\/seventy-nine.ca\/dev\/cfp07\/wp-content\/uploads\/WP_Migration_Eleves03_Page_1-768x994.jpg 768w, http:\/\/seventy-nine.ca\/dev\/cfp07\/wp-content\/uploads\/WP_Migration_Eleves03_Page_1-792x1024.jpg 792w, http:\/\/seventy-nine.ca\/dev\/cfp07\/wp-content\/uploads\/WP_Migration_Eleves03_Page_1-1080x1397.jpg 1080w, http:\/\/seventy-nine.ca\/dev\/cfp07\/wp-content\/uploads\/WP_Migration_Eleves03_Page_1-400x516.jpg 400w\" sizes=\"auto, (max-width: 1471px) 100vw, 1471px\" \/><\/p>\n<p>&nbsp;<\/p>\n<p><img loading=\"lazy\" decoding=\"async\" src=\"http:\/\/seventy-nine.ca\/dev\/cfp07\/wp-content\/uploads\/WP_Migration_Eleves03_Page_2.jpg\" width=\"2941\" height=\"3806\" alt=\"\" class=\"wp-image-272 aligncenter size-full\" srcset=\"http:\/\/seventy-nine.ca\/dev\/cfp07\/wp-content\/uploads\/WP_Migration_Eleves03_Page_2.jpg 2941w, http:\/\/seventy-nine.ca\/dev\/cfp07\/wp-content\/uploads\/WP_Migration_Eleves03_Page_2-232x300.jpg 232w, http:\/\/seventy-nine.ca\/dev\/cfp07\/wp-content\/uploads\/WP_Migration_Eleves03_Page_2-768x994.jpg 768w, http:\/\/seventy-nine.ca\/dev\/cfp07\/wp-content\/uploads\/WP_Migration_Eleves03_Page_2-791x1024.jpg 791w, http:\/\/seventy-nine.ca\/dev\/cfp07\/wp-content\/uploads\/WP_Migration_Eleves03_Page_2-1080x1398.jpg 1080w\" sizes=\"auto, (max-width: 2941px) 100vw, 2941px\" \/><\/p>\n<p>&nbsp;<\/p>\n<p><img loading=\"lazy\" decoding=\"async\" src=\"http:\/\/seventy-nine.ca\/dev\/cfp07\/wp-content\/uploads\/WP_Migration_Eleves03_Page_3.jpg\" width=\"1369\" height=\"1771\" alt=\"\" class=\"wp-image-273 aligncenter size-full\" srcset=\"http:\/\/seventy-nine.ca\/dev\/cfp07\/wp-content\/uploads\/WP_Migration_Eleves03_Page_3.jpg 1369w, http:\/\/seventy-nine.ca\/dev\/cfp07\/wp-content\/uploads\/WP_Migration_Eleves03_Page_3-232x300.jpg 232w, http:\/\/seventy-nine.ca\/dev\/cfp07\/wp-content\/uploads\/WP_Migration_Eleves03_Page_3-768x994.jpg 768w, http:\/\/seventy-nine.ca\/dev\/cfp07\/wp-content\/uploads\/WP_Migration_Eleves03_Page_3-792x1024.jpg 792w, http:\/\/seventy-nine.ca\/dev\/cfp07\/wp-content\/uploads\/WP_Migration_Eleves03_Page_3-1080x1397.jpg 1080w, http:\/\/seventy-nine.ca\/dev\/cfp07\/wp-content\/uploads\/WP_Migration_Eleves03_Page_3-400x516.jpg 400w\" sizes=\"auto, (max-width: 1369px) 100vw, 1369px\" \/><\/p>\n<p>&nbsp;<\/p>\n<p><img loading=\"lazy\" decoding=\"async\" src=\"http:\/\/seventy-nine.ca\/dev\/cfp07\/wp-content\/uploads\/WP_Migration_Eleves03_Page_4.jpg\" width=\"1624\" height=\"2101\" alt=\"\" class=\"wp-image-274 aligncenter size-full\" srcset=\"http:\/\/seventy-nine.ca\/dev\/cfp07\/wp-content\/uploads\/WP_Migration_Eleves03_Page_4.jpg 1624w, http:\/\/seventy-nine.ca\/dev\/cfp07\/wp-content\/uploads\/WP_Migration_Eleves03_Page_4-232x300.jpg 232w, http:\/\/seventy-nine.ca\/dev\/cfp07\/wp-content\/uploads\/WP_Migration_Eleves03_Page_4-768x994.jpg 768w, http:\/\/seventy-nine.ca\/dev\/cfp07\/wp-content\/uploads\/WP_Migration_Eleves03_Page_4-792x1024.jpg 792w, http:\/\/seventy-nine.ca\/dev\/cfp07\/wp-content\/uploads\/WP_Migration_Eleves03_Page_4-1080x1397.jpg 1080w, http:\/\/seventy-nine.ca\/dev\/cfp07\/wp-content\/uploads\/WP_Migration_Eleves03_Page_4-400x516.jpg 400w\" sizes=\"auto, (max-width: 1624px) 100vw, 1624px\" \/><\/p>\n<p>&nbsp;<\/p>\n<p><img loading=\"lazy\" decoding=\"async\" src=\"http:\/\/seventy-nine.ca\/dev\/cfp07\/wp-content\/uploads\/WP_Migration_Eleves03_Page_5.jpg\" width=\"1352\" height=\"1749\" alt=\"\" class=\"wp-image-275 aligncenter size-full\" srcset=\"http:\/\/seventy-nine.ca\/dev\/cfp07\/wp-content\/uploads\/WP_Migration_Eleves03_Page_5.jpg 1352w, http:\/\/seventy-nine.ca\/dev\/cfp07\/wp-content\/uploads\/WP_Migration_Eleves03_Page_5-232x300.jpg 232w, http:\/\/seventy-nine.ca\/dev\/cfp07\/wp-content\/uploads\/WP_Migration_Eleves03_Page_5-768x994.jpg 768w, http:\/\/seventy-nine.ca\/dev\/cfp07\/wp-content\/uploads\/WP_Migration_Eleves03_Page_5-792x1024.jpg 792w, http:\/\/seventy-nine.ca\/dev\/cfp07\/wp-content\/uploads\/WP_Migration_Eleves03_Page_5-1080x1397.jpg 1080w, http:\/\/seventy-nine.ca\/dev\/cfp07\/wp-content\/uploads\/WP_Migration_Eleves03_Page_5-400x516.jpg 400w\" sizes=\"auto, (max-width: 1352px) 100vw, 1352px\" \/><\/p>\n<p>[\/et_pb_toggle][et_pb_toggle title=&#8221;WP : EXTENSIONS &#8221; open_toggle_background_color=&#8221;#f7f6f5&#8243; closed_toggle_background_color=&#8221;#f7f6f5&#8243; icon_color=&#8221;#7cda24&#8243; use_icon_font_size=&#8221;on&#8221; icon_font_size=&#8221;20px&#8221; _builder_version=&#8221;3.26&#8243;]<\/p>\n<p>Rechercher les extensions par le site de <a href=\"https:\/\/wordpress.org\/plugins\/\" target=\"_blank\" rel=\"noopener noreferrer\">wordpress.org\/plugins<\/a> vous permettra, en plus de \u00a0meilleurs filtres permettant de trouver, mais aussi de t\u00e9l\u00e9charger le plugin pour le conserver.<\/p>\n<ul>\n<li><a rel=\"noreferrer noopener\" aria-label=\"Duplicate Pages (ouverture dans un nouvel onglet)\" href=\"https:\/\/wordpress.org\/plugins\/duplicate-page\/\" target=\"_blank\">Duplicate Pages<\/a><\/li>\n<li><a rel=\"noreferrer noopener\" aria-label=\"Media Replace (ouverture dans un nouvel onglet)\" href=\"https:\/\/wordpress.org\/plugins\/enable-media-replace\/\" target=\"_blank\">Media Replace<\/a><\/li>\n<li><a rel=\"noopener noreferrer\" aria-label=\"Popup (ouverture dans un nouvel onglet)\" href=\"https:\/\/wordpress.org\/plugins\/wordpress-popup\/\" target=\"_blank\">Popup<\/a><\/li>\n<li><a rel=\"noreferrer noopener\" aria-label=\"Contact (ouverture dans un nouvel onglet)\" href=\"https:\/\/wordpress.org\/plugins\/contact-form-7\/\" target=\"_blank\">Contact<\/a><\/li>\n<li><a rel=\"noreferrer noopener\" aria-label=\"Infolettre (ouverture dans un nouvel onglet)\" href=\"https:\/\/wordpress.org\/plugins\/mailchimp-for-wp\/\" target=\"_blank\">Infolettre<\/a><\/li>\n<li><a rel=\"noreferrer noopener\" aria-label=\"Commerce (ouverture dans un nouvel onglet)\" href=\"https:\/\/wordpress.org\/plugins\/woocommerce\/\" target=\"_blank\">Commerce<\/a><\/li>\n<li><a rel=\"noreferrer noopener\" aria-label=\"Backup (ouverture dans un nouvel onglet)\" href=\"https:\/\/wordpress.org\/plugins\/updraftplus\/\" target=\"_blank\">Backup<\/a><\/li>\n<li><a rel=\"noreferrer noopener\" aria-label=\"Cache (ouverture dans un nouvel onglet)\" href=\"https:\/\/wordpress.org\/plugins\/w3-total-cache\/\" target=\"_blank\">Cache<\/a><\/li>\n<li><a rel=\"noreferrer noopener\" aria-label=\"Image Optimizer (ouverture dans un nouvel onglet)\" href=\"https:\/\/wordpress.org\/plugins\/wp-smushit\/\" target=\"_blank\">Image Optimizer<\/a><\/li>\n<li><a rel=\"noreferrer noopener\" aria-label=\"Multilangue Gratuit (ouverture dans un nouvel onglet)\" href=\"https:\/\/wordpress.org\/plugins\/polylang\/\" target=\"_blank\">Multi-langue Gratuit<\/a><\/li>\n<li><a rel=\"noreferrer noopener\" aria-label=\"Multilangue Payant (ouverture dans un nouvel onglet)\" href=\"https:\/\/wpml.org\/\" target=\"_blank\">Multi-langue Payant<\/a><\/li>\n<li><a rel=\"noreferrer noopener\" aria-label=\"SEO (ouverture dans un nouvel onglet)\" href=\"https:\/\/wordpress.org\/plugins\/wordpress-seo\/\" target=\"_blank\">SEO<\/a><\/li>\n<li><a rel=\"noreferrer noopener\" aria-label=\"Disable Extensions (ouverture dans un nouvel onglet)\" href=\"https:\/\/wordpress.org\/plugins\/wp-asset-clean-up\/\" target=\"_blank\">Disable Extensions<\/a><\/li>\n<li><a rel=\"noreferrer noopener\" aria-label=\"Load page screen size only (ouverture dans un nouvel onglet)\" href=\"https:\/\/wordpress.org\/plugins\/bj-lazy-load\/\" target=\"_blank\">Load page screen size only<\/a><\/li>\n<\/ul>\n<p>[\/et_pb_toggle][et_pb_toggle title=&#8221;WP : TH\u00c8MES&#8221; open_toggle_background_color=&#8221;#f7f6f5&#8243; closed_toggle_background_color=&#8221;#f7f6f5&#8243; icon_color=&#8221;#7cda24&#8243; use_icon_font_size=&#8221;on&#8221; icon_font_size=&#8221;20px&#8221; _builder_version=&#8221;3.26&#8243;]<\/p>\n<p>Acheter des th\u00e8mes permet d&#8217;avoir le meilleur de wordpress. La majorit\u00e9 poss\u00e8dent un syst\u00e8me de construction de page <em>[page builder]<\/em>\u00a0qui inclue de nombreuses options.<\/p>\n<p>Le site <a href=\"https:\/\/themeforest.net\" target=\"_blank\" rel=\"noopener noreferrer\">themeforest.net<\/a> est l&#8217;un des nombreux sites qui agit comme interm\u00e9diaire.<\/p>\n<p>Fiez-vous au ratio : nombre de vente \/ date de cr\u00e9ation pour savoir si le th\u00e8me est fiable.<\/p>\n<p>V\u00e9rifiez la compatibilit\u00e9 et les modules utilis\u00e9s.<\/p>\n<p>Les prix varient entre 10$ et 100$.<\/p>\n<p>&nbsp;<\/p>\n<p>! ATTENTION !<br \/> Il y a des th\u00e8mes de d\u00e9veloppeurs qui sont destin\u00e9s \u00e0 ceux qui veulent tout personnaliser.<br \/> Et il y a des th\u00e8mes pour les particuliers qui n&#8217;y connaissent rien et qui veulent seulement changer les images.<br \/> Faites bien la diff\u00e9rence avant d&#8217;acheter sinon vous pourriez avoir de mauvaises surprises!<\/p>\n<p>[\/et_pb_toggle][et_pb_toggle title=&#8221;Sites Multilangue&#8221; open_toggle_background_color=&#8221;#f7f6f5&#8243; closed_toggle_background_color=&#8221;#f7f6f5&#8243; icon_color=&#8221;#7cda24&#8243; use_icon_font_size=&#8221;on&#8221; icon_font_size=&#8221;20px&#8221; _builder_version=&#8221;3.26&#8243;]<\/p>\n<p>Sites Multilangue:<br \/> <a href=\"https:\/\/wordpress.org\/plugins\/polylang\/\" target=\"_blank\" rel=\"noopener noreferrer\">Polylang<\/a> est une extension gratuite qui est compatible sur la majorit\u00e9 des th\u00e8mes.<br \/> <a href=\"https:\/\/wpml.org\" target=\"_blank\" rel=\"noopener noreferrer\">WPML<\/a> est une\u00a0extension payante qui est compatible sur tous les th\u00e8mes.<\/p>\n<p>!ATTENTION!<br \/> Construire le site anglais en premier vous \u00e9vitera de travailler en double \ud83d\ude42<\/p>\n<p>[\/et_pb_toggle][et_pb_toggle title=&#8221;Utilitaires&#8221; open_toggle_background_color=&#8221;#f7f6f5&#8243; closed_toggle_background_color=&#8221;#f7f6f5&#8243; icon_color=&#8221;#7cda24&#8243; use_icon_font_size=&#8221;on&#8221; icon_font_size=&#8221;20px&#8221; _builder_version=&#8221;3.26&#8243;]<\/p>\n<p>Am\u00e9liorez les performances de WordPress en ajoutant des commandes au\u00a0<a href=\"https:\/\/tribulant.com\/blog\/wordpress\/15-useful-wordpress-configuration-tricks-that-you-may-not-know\/\" target=\"_blank\" rel=\"noopener noreferrer\" aria-label=\"WP-Config \/\/ Commandes pour am\u00e9liorer son WP (ouverture dans un nouvel onglet)\">WP-Config<\/a><\/p>\n<hr \/>\n<p><a href=\"https:\/\/imageoptim.com\/fr\" target=\"_blank\" rel=\"noopener noreferrer\">ImageOptim<\/a>\u00a0: Permet de compresser le code des images<\/p>\n<p>[\/et_pb_toggle][et_pb_toggle title=&#8221;CSS&#8221; open_toggle_background_color=&#8221;#f7f6f5&#8243; closed_toggle_background_color=&#8221;#f7f6f5&#8243; icon_color=&#8221;#7cda24&#8243; use_icon_font_size=&#8221;on&#8221; icon_font_size=&#8221;20px&#8221; _builder_version=&#8221;3.26&#8243;]<\/p>\n<p>Forcer la commande<br \/>.class { aaa:bbb !important; }<\/p>\n<hr \/>\n<p>Cacher un \u00e9l\u00e9ment<br \/>.class { display: none; }<\/p>\n<hr \/>\n<p>Si le CSS du style.css du th\u00e8me enfant ne fonctionne pas;<\/p>\n<p>v\u00e9rifiez sur internet si le th\u00e8me ne requiert pas une commande sp\u00e9ciale afin de cr\u00e9er le th\u00e8me-enfant.<\/p>\n<p>Si \u00e7a ne fonctionne pas, essayez de le mettre dans apparence &gt; personnaliser &gt; ajout de CSS. Il se peut que le th\u00e8me force son CSS et cr\u00e9e un conflit avec WordPress.<\/p>\n<p>[\/et_pb_toggle][et_pb_toggle title=&#8221;FAQ&#8221; open_toggle_background_color=&#8221;#f7f6f5&#8243; closed_toggle_background_color=&#8221;#f7f6f5&#8243; icon_color=&#8221;#7cda24&#8243; use_icon_font_size=&#8221;on&#8221; icon_font_size=&#8221;20px&#8221; _builder_version=&#8221;3.26&#8243;]<\/p>\n<p>Rafra\u00eechir la page en effa\u00e7ant la CACHE<br \/>\u203a Safari : cmd + R ou shift + click ravraichir<br \/>\u203a Firefox : cmd + shift + R<\/p>\n<hr \/>\n<p>Tester le responsive<br \/>\u203a Safari : cmd + ctrl + R<\/p>\n<hr \/>\n<p>Calculer les pixels<br \/>\u203a Safari : cmd + shift + 4<\/p>\n<hr \/>\n<p>Comment changer l\u2019ordre des article?<br \/>\u203a Les articles sont class\u00e9 en ordre de parution. Logique pour un blog. Pour changer cet ordre, simplement changer la date de parution!<\/p>\n<hr \/>\n<p>Le site fonctionne mais les liens des boutons du menu de navigation sont bris\u00e9s.<br \/>\u203a Allez <a href=\"http:\/\/seventy-nine.ca\/dev\/cfp07\/wp-content\/uploads\/resetpermalinks-1.jpg\" target=\"_blank\" rel=\"noopener noreferrer\">rafra\u00eechir les permaliens<\/a><\/p>\n<hr \/>\n<p>Vous avez perdu votre mot de passe WP?<br \/>\u203a vous pouvez changer votre mot de passe par la database en suivant <a href=\"https:\/\/help.one.com\/hc\/en-us\/articles\/115005585949-Change-your-WordPress-password-in-the-database\" target=\"_blank\" rel=\"noopener noreferrer\">ces \u00e9tapes simples<\/a>.<\/p>\n<p>[\/et_pb_toggle][\/et_pb_column][\/et_pb_row][\/et_pb_section]<\/p>\n","protected":false},"excerpt":{"rendered":"<p>[et_pb_section fb_built=&#8221;1&#8243; _builder_version=&#8221;3.26&#8243;][et_pb_row custom_margin=&#8221;35px|auto||auto||&#8221; _builder_version=&#8221;3.26&#8243;][et_pb_column type=&#8221;4_4&#8243; _builder_version=&#8221;3.26&#8243;][et_pb_text _builder_version=&#8221;3.26&#8243;] Conception d&#8217;un site WordPress [\/et_pb_text][\/et_pb_column][\/et_pb_row][et_pb_row column_structure=&#8221;2_5,3_5&#8243; _builder_version=&#8221;3.26&#8243;][et_pb_column type=&#8221;2_5&#8243; _builder_version=&#8221;3.26&#8243;][et_pb_text _builder_version=&#8221;3.26&#8243;] Pour la phase 2, vous devez concevoir le site web responsive complet d&#8217;un client. Les pages et leur contenu\u00a0doivent se conformer au plan de l&#8217;arboressance fournis par le client.\u00a0 Vous \u00eates libre de concevoir le site de [&hellip;]<\/p>\n","protected":false},"author":1,"featured_media":0,"parent":0,"menu_order":0,"comment_status":"closed","ping_status":"closed","template":"","meta":{"_et_pb_use_builder":"on","_et_pb_old_content":"","footnotes":""},"class_list":["post-216","page","type-page","status-publish","hentry"],"_links":{"self":[{"href":"http:\/\/seventy-nine.ca\/dev\/cfp07\/wp-json\/wp\/v2\/pages\/216","targetHints":{"allow":["GET"]}}],"collection":[{"href":"http:\/\/seventy-nine.ca\/dev\/cfp07\/wp-json\/wp\/v2\/pages"}],"about":[{"href":"http:\/\/seventy-nine.ca\/dev\/cfp07\/wp-json\/wp\/v2\/types\/page"}],"author":[{"embeddable":true,"href":"http:\/\/seventy-nine.ca\/dev\/cfp07\/wp-json\/wp\/v2\/users\/1"}],"replies":[{"embeddable":true,"href":"http:\/\/seventy-nine.ca\/dev\/cfp07\/wp-json\/wp\/v2\/comments?post=216"}],"version-history":[{"count":1,"href":"http:\/\/seventy-nine.ca\/dev\/cfp07\/wp-json\/wp\/v2\/pages\/216\/revisions"}],"predecessor-version":[{"id":559,"href":"http:\/\/seventy-nine.ca\/dev\/cfp07\/wp-json\/wp\/v2\/pages\/216\/revisions\/559"}],"wp:attachment":[{"href":"http:\/\/seventy-nine.ca\/dev\/cfp07\/wp-json\/wp\/v2\/media?parent=216"}],"curies":[{"name":"wp","href":"https:\/\/api.w.org\/{rel}","templated":true}]}}