{"id":166,"date":"2019-07-12T23:42:10","date_gmt":"2019-07-12T23:42:10","guid":{"rendered":"http:\/\/seventy-nine.ca\/dev\/cfp07\/?page_id=166"},"modified":"2019-07-30T20:48:19","modified_gmt":"2019-07-30T20:48:19","slug":"p00-harmonie-des-couleurs","status":"publish","type":"page","link":"http:\/\/seventy-nine.ca\/dev\/cfp07\/p00-harmonie-des-couleurs\/","title":{"rendered":"P00 : Harmonie des couleurs"},"content":{"rendered":"<p>[et_pb_section fb_built=&#8221;1&#8243; _builder_version=&#8221;3.26&#8243;][et_pb_row _builder_version=&#8221;3.26&#8243; custom_padding=&#8221;0px|||||&#8221;][et_pb_column _builder_version=&#8221;3.26&#8243; type=&#8221;4_4&#8243;][et_pb_text _builder_version=&#8221;3.26&#8243;]<\/p>\n<h2>Th\u00e9orie des couleurs<\/h2>\n<p>[\/et_pb_text][et_pb_text _builder_version=&#8221;3.26&#8243; custom_margin=&#8221;9px|||||&#8221;]Pour faire un projet efficace et fonctionnel, il faut choisir ses couleurs logiquement de fa\u00e7on pr\u00e9m\u00e9dit\u00e9. <em>Pas au hasard, ni en cours de conception et encore moins apr\u00e8s que le projet soit termin\u00e9.<\/em><\/p>\n<p>L&#8217;infographiste con\u00e7oit d&#8217;abord son concept, puis fait quelques croquis et ensuite il d\u00e9termine ses couleurs avec un syst\u00e8me pr\u00e9cis et explicable.[\/et_pb_text][\/et_pb_column][\/et_pb_row][et_pb_row _builder_version=&#8221;3.26&#8243;][et_pb_column _builder_version=&#8221;3.26&#8243; type=&#8221;4_4&#8243;][et_pb_accordion _builder_version=&#8221;3.26&#8243; use_icon_font_size=&#8221;on&#8221; icon_font_size=&#8221;22px&#8221; box_shadow_style=&#8221;preset1&#8243; icon_color=&#8221;#7cda24&#8243; closed_toggle_background_color=&#8221;#2d2d2d&#8221; open_toggle_background_color=&#8221;#2d2d2d&#8221; closed_toggle_text_color=&#8221;#f7f6f5&#8243; open_toggle_text_color=&#8221;#f7f6f5&#8243; border_width_bottom=&#8221;2px&#8221; border_color_bottom=&#8221;#7cda24&#8243; toggle_text_color=&#8221;#f7f6f5&#8243; custom_margin=&#8221;||||false|false&#8221;][et_pb_accordion_item title=&#8221;01 \u203a Cercle Chromatique&#8221; _builder_version=&#8221;3.26&#8243; open=&#8221;on&#8221;]<\/p>\n<p><img loading=\"lazy\" decoding=\"async\" src=\"http:\/\/seventy-nine.ca\/dev\/cfp07\/wp-content\/uploads\/HarmonieDeCouleur_Page_01.jpg\" width=\"2200\" height=\"1700\" alt=\"\" class=\"wp-image-175 aligncenter size-full\" srcset=\"http:\/\/seventy-nine.ca\/dev\/cfp07\/wp-content\/uploads\/HarmonieDeCouleur_Page_01.jpg 2200w, http:\/\/seventy-nine.ca\/dev\/cfp07\/wp-content\/uploads\/HarmonieDeCouleur_Page_01-300x232.jpg 300w, http:\/\/seventy-nine.ca\/dev\/cfp07\/wp-content\/uploads\/HarmonieDeCouleur_Page_01-768x593.jpg 768w, http:\/\/seventy-nine.ca\/dev\/cfp07\/wp-content\/uploads\/HarmonieDeCouleur_Page_01-1325x1024.jpg 1325w, http:\/\/seventy-nine.ca\/dev\/cfp07\/wp-content\/uploads\/HarmonieDeCouleur_Page_01-1080x835.jpg 1080w\" sizes=\"auto, (max-width: 2200px) 100vw, 2200px\" \/><\/p>\n<p>[\/et_pb_accordion_item][et_pb_accordion_item title=&#8221;02 \u203a Palette Simplifi\u00e9e&#8221; _builder_version=&#8221;3.26&#8243; open=&#8221;off&#8221;]<\/p>\n<p><img loading=\"lazy\" decoding=\"async\" src=\"http:\/\/seventy-nine.ca\/dev\/cfp07\/wp-content\/uploads\/HarmonieDeCouleur_Page_02.jpg\" width=\"2200\" height=\"1700\" alt=\"\" class=\"wp-image-176 aligncenter size-full\" srcset=\"http:\/\/seventy-nine.ca\/dev\/cfp07\/wp-content\/uploads\/HarmonieDeCouleur_Page_02.jpg 2200w, http:\/\/seventy-nine.ca\/dev\/cfp07\/wp-content\/uploads\/HarmonieDeCouleur_Page_02-300x232.jpg 300w, http:\/\/seventy-nine.ca\/dev\/cfp07\/wp-content\/uploads\/HarmonieDeCouleur_Page_02-768x593.jpg 768w, http:\/\/seventy-nine.ca\/dev\/cfp07\/wp-content\/uploads\/HarmonieDeCouleur_Page_02-1325x1024.jpg 1325w, http:\/\/seventy-nine.ca\/dev\/cfp07\/wp-content\/uploads\/HarmonieDeCouleur_Page_02-1080x835.jpg 1080w\" sizes=\"auto, (max-width: 2200px) 100vw, 2200px\" \/><\/p>\n<p>[\/et_pb_accordion_item][et_pb_accordion_item title=&#8221;03 \u203a Vocabulaire&#8221; _builder_version=&#8221;3.26&#8243; open=&#8221;off&#8221;]<\/p>\n<p><img loading=\"lazy\" decoding=\"async\" src=\"http:\/\/seventy-nine.ca\/dev\/cfp07\/wp-content\/uploads\/HarmonieDeCouleur_Page_03.jpg\" width=\"2200\" height=\"1700\" alt=\"\" class=\"wp-image-177 aligncenter size-full\" srcset=\"http:\/\/seventy-nine.ca\/dev\/cfp07\/wp-content\/uploads\/HarmonieDeCouleur_Page_03.jpg 2200w, http:\/\/seventy-nine.ca\/dev\/cfp07\/wp-content\/uploads\/HarmonieDeCouleur_Page_03-300x232.jpg 300w, http:\/\/seventy-nine.ca\/dev\/cfp07\/wp-content\/uploads\/HarmonieDeCouleur_Page_03-768x593.jpg 768w, http:\/\/seventy-nine.ca\/dev\/cfp07\/wp-content\/uploads\/HarmonieDeCouleur_Page_03-1325x1024.jpg 1325w, http:\/\/seventy-nine.ca\/dev\/cfp07\/wp-content\/uploads\/HarmonieDeCouleur_Page_03-1080x835.jpg 1080w\" sizes=\"auto, (max-width: 2200px) 100vw, 2200px\" \/><\/p>\n<p>[\/et_pb_accordion_item][et_pb_accordion_item title=&#8221;04 \u203a Couleurs froides ou chaudes&#8221; _builder_version=&#8221;3.26&#8243; open=&#8221;off&#8221;]<\/p>\n<p><img loading=\"lazy\" decoding=\"async\" src=\"http:\/\/seventy-nine.ca\/dev\/cfp07\/wp-content\/uploads\/HarmonieDeCouleur_Page_04.jpg\" width=\"2200\" height=\"1700\" alt=\"\" class=\"wp-image-178 aligncenter size-full\" srcset=\"http:\/\/seventy-nine.ca\/dev\/cfp07\/wp-content\/uploads\/HarmonieDeCouleur_Page_04.jpg 2200w, http:\/\/seventy-nine.ca\/dev\/cfp07\/wp-content\/uploads\/HarmonieDeCouleur_Page_04-300x232.jpg 300w, http:\/\/seventy-nine.ca\/dev\/cfp07\/wp-content\/uploads\/HarmonieDeCouleur_Page_04-768x593.jpg 768w, http:\/\/seventy-nine.ca\/dev\/cfp07\/wp-content\/uploads\/HarmonieDeCouleur_Page_04-1325x1024.jpg 1325w, http:\/\/seventy-nine.ca\/dev\/cfp07\/wp-content\/uploads\/HarmonieDeCouleur_Page_04-1080x835.jpg 1080w\" sizes=\"auto, (max-width: 2200px) 100vw, 2200px\" \/><\/p>\n<p>[\/et_pb_accordion_item][et_pb_accordion_item title=&#8221;05 \u203a Couleurs froides ou chaudes : Exemple&#8221; _builder_version=&#8221;3.26&#8243; open=&#8221;off&#8221;]<\/p>\n<p><img loading=\"lazy\" decoding=\"async\" src=\"http:\/\/seventy-nine.ca\/dev\/cfp07\/wp-content\/uploads\/HarmonieDeCouleur_Page_05.jpg\" width=\"1650\" height=\"1275\" alt=\"\" class=\"wp-image-179 aligncenter size-full\" srcset=\"http:\/\/seventy-nine.ca\/dev\/cfp07\/wp-content\/uploads\/HarmonieDeCouleur_Page_05.jpg 1650w, http:\/\/seventy-nine.ca\/dev\/cfp07\/wp-content\/uploads\/HarmonieDeCouleur_Page_05-300x232.jpg 300w, http:\/\/seventy-nine.ca\/dev\/cfp07\/wp-content\/uploads\/HarmonieDeCouleur_Page_05-768x593.jpg 768w, http:\/\/seventy-nine.ca\/dev\/cfp07\/wp-content\/uploads\/HarmonieDeCouleur_Page_05-1325x1024.jpg 1325w, http:\/\/seventy-nine.ca\/dev\/cfp07\/wp-content\/uploads\/HarmonieDeCouleur_Page_05-1080x835.jpg 1080w\" sizes=\"auto, (max-width: 1650px) 100vw, 1650px\" \/><\/p>\n<p>[\/et_pb_accordion_item][et_pb_accordion_item title=&#8221;06 \u203a Teintes&#8221; _builder_version=&#8221;3.26&#8243; open=&#8221;off&#8221;]<\/p>\n<p><img loading=\"lazy\" decoding=\"async\" src=\"http:\/\/seventy-nine.ca\/dev\/cfp07\/wp-content\/uploads\/HarmonieDeCouleur_Page_06.jpg\" width=\"2200\" height=\"1700\" alt=\"\" class=\"wp-image-180 aligncenter size-full\" srcset=\"http:\/\/seventy-nine.ca\/dev\/cfp07\/wp-content\/uploads\/HarmonieDeCouleur_Page_06.jpg 2200w, http:\/\/seventy-nine.ca\/dev\/cfp07\/wp-content\/uploads\/HarmonieDeCouleur_Page_06-300x232.jpg 300w, http:\/\/seventy-nine.ca\/dev\/cfp07\/wp-content\/uploads\/HarmonieDeCouleur_Page_06-768x593.jpg 768w, http:\/\/seventy-nine.ca\/dev\/cfp07\/wp-content\/uploads\/HarmonieDeCouleur_Page_06-1325x1024.jpg 1325w, http:\/\/seventy-nine.ca\/dev\/cfp07\/wp-content\/uploads\/HarmonieDeCouleur_Page_06-1080x835.jpg 1080w\" sizes=\"auto, (max-width: 2200px) 100vw, 2200px\" \/><\/p>\n<p>[\/et_pb_accordion_item][et_pb_accordion_item title=&#8221;07 \u203a Zones d&#8217;influence : Cyan&#8221; _builder_version=&#8221;3.26&#8243; open=&#8221;off&#8221;]<\/p>\n<p><img loading=\"lazy\" decoding=\"async\" src=\"http:\/\/seventy-nine.ca\/dev\/cfp07\/wp-content\/uploads\/HarmonieDeCouleur_Page_07.jpg\" width=\"2200\" height=\"1700\" alt=\"\" class=\"wp-image-181 aligncenter size-full\" srcset=\"http:\/\/seventy-nine.ca\/dev\/cfp07\/wp-content\/uploads\/HarmonieDeCouleur_Page_07.jpg 2200w, http:\/\/seventy-nine.ca\/dev\/cfp07\/wp-content\/uploads\/HarmonieDeCouleur_Page_07-300x232.jpg 300w, http:\/\/seventy-nine.ca\/dev\/cfp07\/wp-content\/uploads\/HarmonieDeCouleur_Page_07-768x593.jpg 768w, http:\/\/seventy-nine.ca\/dev\/cfp07\/wp-content\/uploads\/HarmonieDeCouleur_Page_07-1325x1024.jpg 1325w, http:\/\/seventy-nine.ca\/dev\/cfp07\/wp-content\/uploads\/HarmonieDeCouleur_Page_07-1080x835.jpg 1080w\" sizes=\"auto, (max-width: 2200px) 100vw, 2200px\" \/><\/p>\n<p>[\/et_pb_accordion_item][et_pb_accordion_item title=&#8221;08 \u203a Zones d&#8217;influence : Magenta&#8221; _builder_version=&#8221;3.26&#8243; open=&#8221;off&#8221;]<\/p>\n<p><img loading=\"lazy\" decoding=\"async\" src=\"http:\/\/seventy-nine.ca\/dev\/cfp07\/wp-content\/uploads\/HarmonieDeCouleur_Page_08.jpg\" width=\"2200\" height=\"1700\" alt=\"\" class=\"wp-image-182 aligncenter size-full\" srcset=\"http:\/\/seventy-nine.ca\/dev\/cfp07\/wp-content\/uploads\/HarmonieDeCouleur_Page_08.jpg 2200w, http:\/\/seventy-nine.ca\/dev\/cfp07\/wp-content\/uploads\/HarmonieDeCouleur_Page_08-300x232.jpg 300w, http:\/\/seventy-nine.ca\/dev\/cfp07\/wp-content\/uploads\/HarmonieDeCouleur_Page_08-768x593.jpg 768w, http:\/\/seventy-nine.ca\/dev\/cfp07\/wp-content\/uploads\/HarmonieDeCouleur_Page_08-1325x1024.jpg 1325w, http:\/\/seventy-nine.ca\/dev\/cfp07\/wp-content\/uploads\/HarmonieDeCouleur_Page_08-1080x835.jpg 1080w\" sizes=\"auto, (max-width: 2200px) 100vw, 2200px\" \/><\/p>\n<p>[\/et_pb_accordion_item][et_pb_accordion_item title=&#8221;09 \u203a Zones d&#8217;influence : Jaune&#8221; _builder_version=&#8221;3.26&#8243; open=&#8221;off&#8221;]<\/p>\n<p><img loading=\"lazy\" decoding=\"async\" src=\"http:\/\/seventy-nine.ca\/dev\/cfp07\/wp-content\/uploads\/HarmonieDeCouleur_Page_09.jpg\" width=\"2200\" height=\"1700\" alt=\"\" class=\"wp-image-183 aligncenter size-full\" srcset=\"http:\/\/seventy-nine.ca\/dev\/cfp07\/wp-content\/uploads\/HarmonieDeCouleur_Page_09.jpg 2200w, http:\/\/seventy-nine.ca\/dev\/cfp07\/wp-content\/uploads\/HarmonieDeCouleur_Page_09-300x232.jpg 300w, http:\/\/seventy-nine.ca\/dev\/cfp07\/wp-content\/uploads\/HarmonieDeCouleur_Page_09-768x593.jpg 768w, http:\/\/seventy-nine.ca\/dev\/cfp07\/wp-content\/uploads\/HarmonieDeCouleur_Page_09-1325x1024.jpg 1325w, http:\/\/seventy-nine.ca\/dev\/cfp07\/wp-content\/uploads\/HarmonieDeCouleur_Page_09-1080x835.jpg 1080w\" sizes=\"auto, (max-width: 2200px) 100vw, 2200px\" \/><\/p>\n<p>[\/et_pb_accordion_item][et_pb_accordion_item title=&#8221;10 \u203a Liens chromatiques simples&#8221; _builder_version=&#8221;3.26&#8243; open=&#8221;off&#8221;]<\/p>\n<p><img loading=\"lazy\" decoding=\"async\" src=\"http:\/\/seventy-nine.ca\/dev\/cfp07\/wp-content\/uploads\/HarmonieDeCouleur_Page_10.jpg\" width=\"2200\" height=\"1700\" alt=\"\" class=\"wp-image-184 aligncenter size-full\" srcset=\"http:\/\/seventy-nine.ca\/dev\/cfp07\/wp-content\/uploads\/HarmonieDeCouleur_Page_10.jpg 2200w, http:\/\/seventy-nine.ca\/dev\/cfp07\/wp-content\/uploads\/HarmonieDeCouleur_Page_10-300x232.jpg 300w, http:\/\/seventy-nine.ca\/dev\/cfp07\/wp-content\/uploads\/HarmonieDeCouleur_Page_10-768x593.jpg 768w, http:\/\/seventy-nine.ca\/dev\/cfp07\/wp-content\/uploads\/HarmonieDeCouleur_Page_10-1325x1024.jpg 1325w, http:\/\/seventy-nine.ca\/dev\/cfp07\/wp-content\/uploads\/HarmonieDeCouleur_Page_10-1080x835.jpg 1080w\" sizes=\"auto, (max-width: 2200px) 100vw, 2200px\" \/><\/p>\n<p>[\/et_pb_accordion_item][et_pb_accordion_item title=&#8221;11 \u203a Liens chromatiques complexes&#8221; _builder_version=&#8221;3.26&#8243; open=&#8221;off&#8221;]<\/p>\n<p><img loading=\"lazy\" decoding=\"async\" src=\"http:\/\/seventy-nine.ca\/dev\/cfp07\/wp-content\/uploads\/HarmonieDeCouleur_Page_11.jpg\" width=\"2200\" height=\"1700\" alt=\"\" class=\"wp-image-185 aligncenter size-full\" srcset=\"http:\/\/seventy-nine.ca\/dev\/cfp07\/wp-content\/uploads\/HarmonieDeCouleur_Page_11.jpg 2200w, http:\/\/seventy-nine.ca\/dev\/cfp07\/wp-content\/uploads\/HarmonieDeCouleur_Page_11-300x232.jpg 300w, http:\/\/seventy-nine.ca\/dev\/cfp07\/wp-content\/uploads\/HarmonieDeCouleur_Page_11-768x593.jpg 768w, http:\/\/seventy-nine.ca\/dev\/cfp07\/wp-content\/uploads\/HarmonieDeCouleur_Page_11-1325x1024.jpg 1325w, http:\/\/seventy-nine.ca\/dev\/cfp07\/wp-content\/uploads\/HarmonieDeCouleur_Page_11-1080x835.jpg 1080w\" sizes=\"auto, (max-width: 2200px) 100vw, 2200px\" \/><\/p>\n<p>[\/et_pb_accordion_item][et_pb_accordion_item title=&#8221;12 \u203a Harmonie par contraste&#8221; _builder_version=&#8221;3.26&#8243; open=&#8221;off&#8221;]<\/p>\n<p><img loading=\"lazy\" decoding=\"async\" src=\"http:\/\/seventy-nine.ca\/dev\/cfp07\/wp-content\/uploads\/HarmonieDeCouleur_Page_12.jpg\" width=\"2200\" height=\"1700\" alt=\"\" class=\"wp-image-186 aligncenter size-full\" srcset=\"http:\/\/seventy-nine.ca\/dev\/cfp07\/wp-content\/uploads\/HarmonieDeCouleur_Page_12.jpg 2200w, http:\/\/seventy-nine.ca\/dev\/cfp07\/wp-content\/uploads\/HarmonieDeCouleur_Page_12-300x232.jpg 300w, http:\/\/seventy-nine.ca\/dev\/cfp07\/wp-content\/uploads\/HarmonieDeCouleur_Page_12-768x593.jpg 768w, http:\/\/seventy-nine.ca\/dev\/cfp07\/wp-content\/uploads\/HarmonieDeCouleur_Page_12-1325x1024.jpg 1325w, http:\/\/seventy-nine.ca\/dev\/cfp07\/wp-content\/uploads\/HarmonieDeCouleur_Page_12-1080x835.jpg 1080w\" sizes=\"auto, (max-width: 2200px) 100vw, 2200px\" \/><\/p>\n<p>[\/et_pb_accordion_item][et_pb_accordion_item title=&#8221;13 \u203a Harmonie par contraste %91exemple%93&#8243; _builder_version=&#8221;3.26&#8243; open=&#8221;off&#8221;][\/et_pb_accordion_item][et_pb_accordion_item title=&#8221;14 \u203a Harmonie par contraste : simple&#8221; _builder_version=&#8221;3.26&#8243; open=&#8221;off&#8221;]<\/p>\n<p><img loading=\"lazy\" decoding=\"async\" src=\"http:\/\/seventy-nine.ca\/dev\/cfp07\/wp-content\/uploads\/HarmonieDeCouleur_Page_16.jpg\" width=\"2200\" height=\"1700\" alt=\"\" class=\"wp-image-190 aligncenter size-full\" srcset=\"http:\/\/seventy-nine.ca\/dev\/cfp07\/wp-content\/uploads\/HarmonieDeCouleur_Page_16.jpg 2200w, http:\/\/seventy-nine.ca\/dev\/cfp07\/wp-content\/uploads\/HarmonieDeCouleur_Page_16-300x232.jpg 300w, http:\/\/seventy-nine.ca\/dev\/cfp07\/wp-content\/uploads\/HarmonieDeCouleur_Page_16-768x593.jpg 768w, http:\/\/seventy-nine.ca\/dev\/cfp07\/wp-content\/uploads\/HarmonieDeCouleur_Page_16-1325x1024.jpg 1325w, http:\/\/seventy-nine.ca\/dev\/cfp07\/wp-content\/uploads\/HarmonieDeCouleur_Page_16-1080x835.jpg 1080w\" sizes=\"auto, (max-width: 2200px) 100vw, 2200px\" \/><\/p>\n<p>[\/et_pb_accordion_item][et_pb_accordion_item title=&#8221;15 \u203a Harmonie par contraste : simple %91exemple%93&#8243; _builder_version=&#8221;3.26&#8243; open=&#8221;off&#8221;]<\/p>\n<p><img loading=\"lazy\" decoding=\"async\" src=\"http:\/\/seventy-nine.ca\/dev\/cfp07\/wp-content\/uploads\/HarmonieDeCouleur_Page_14.jpg\" width=\"1915\" height=\"1479\" alt=\"\" class=\"wp-image-188 aligncenter size-full\" srcset=\"http:\/\/seventy-nine.ca\/dev\/cfp07\/wp-content\/uploads\/HarmonieDeCouleur_Page_14.jpg 1915w, http:\/\/seventy-nine.ca\/dev\/cfp07\/wp-content\/uploads\/HarmonieDeCouleur_Page_14-300x232.jpg 300w, http:\/\/seventy-nine.ca\/dev\/cfp07\/wp-content\/uploads\/HarmonieDeCouleur_Page_14-768x593.jpg 768w, http:\/\/seventy-nine.ca\/dev\/cfp07\/wp-content\/uploads\/HarmonieDeCouleur_Page_14-1326x1024.jpg 1326w, http:\/\/seventy-nine.ca\/dev\/cfp07\/wp-content\/uploads\/HarmonieDeCouleur_Page_14-1080x834.jpg 1080w\" sizes=\"auto, (max-width: 1915px) 100vw, 1915px\" \/><\/p>\n<p>[\/et_pb_accordion_item][et_pb_accordion_item title=&#8221;16 \u203a Harmonie par contraste : complexe&#8221; _builder_version=&#8221;3.26&#8243; open=&#8221;off&#8221;]<\/p>\n<p><img loading=\"lazy\" decoding=\"async\" src=\"http:\/\/seventy-nine.ca\/dev\/cfp07\/wp-content\/uploads\/HarmonieDeCouleur_Page_17.jpg\" width=\"2200\" height=\"1700\" alt=\"\" class=\"wp-image-191 aligncenter size-full\" srcset=\"http:\/\/seventy-nine.ca\/dev\/cfp07\/wp-content\/uploads\/HarmonieDeCouleur_Page_17.jpg 2200w, http:\/\/seventy-nine.ca\/dev\/cfp07\/wp-content\/uploads\/HarmonieDeCouleur_Page_17-300x232.jpg 300w, http:\/\/seventy-nine.ca\/dev\/cfp07\/wp-content\/uploads\/HarmonieDeCouleur_Page_17-768x593.jpg 768w, http:\/\/seventy-nine.ca\/dev\/cfp07\/wp-content\/uploads\/HarmonieDeCouleur_Page_17-1325x1024.jpg 1325w, http:\/\/seventy-nine.ca\/dev\/cfp07\/wp-content\/uploads\/HarmonieDeCouleur_Page_17-1080x835.jpg 1080w\" sizes=\"auto, (max-width: 2200px) 100vw, 2200px\" \/><\/p>\n<p>[\/et_pb_accordion_item][et_pb_accordion_item title=&#8221;17 \u203a Harmonie par contraste : complexe %91exemple%93&#8243; _builder_version=&#8221;3.26&#8243; open=&#8221;off&#8221;]<\/p>\n<p><img loading=\"lazy\" decoding=\"async\" src=\"http:\/\/seventy-nine.ca\/dev\/cfp07\/wp-content\/uploads\/HarmonieDeCouleur_Page_15.jpg\" width=\"2200\" height=\"1700\" alt=\"\" class=\"wp-image-189 aligncenter size-full\" srcset=\"http:\/\/seventy-nine.ca\/dev\/cfp07\/wp-content\/uploads\/HarmonieDeCouleur_Page_15.jpg 2200w, http:\/\/seventy-nine.ca\/dev\/cfp07\/wp-content\/uploads\/HarmonieDeCouleur_Page_15-300x232.jpg 300w, http:\/\/seventy-nine.ca\/dev\/cfp07\/wp-content\/uploads\/HarmonieDeCouleur_Page_15-768x593.jpg 768w, http:\/\/seventy-nine.ca\/dev\/cfp07\/wp-content\/uploads\/HarmonieDeCouleur_Page_15-1325x1024.jpg 1325w, http:\/\/seventy-nine.ca\/dev\/cfp07\/wp-content\/uploads\/HarmonieDeCouleur_Page_15-1080x835.jpg 1080w\" sizes=\"auto, (max-width: 2200px) 100vw, 2200px\" \/><\/p>\n<p>[\/et_pb_accordion_item][et_pb_accordion_item title=&#8221;18 \u203a Harmonie par contraste : triangulaire \u00e9quilat\u00e9raux&#8221; _builder_version=&#8221;3.26&#8243; open=&#8221;off&#8221;]<\/p>\n<p><img loading=\"lazy\" decoding=\"async\" src=\"http:\/\/seventy-nine.ca\/dev\/cfp07\/wp-content\/uploads\/HarmonieDeCouleur_Page_18.jpg\" width=\"2200\" height=\"1700\" alt=\"\" class=\"wp-image-192 aligncenter size-full\" srcset=\"http:\/\/seventy-nine.ca\/dev\/cfp07\/wp-content\/uploads\/HarmonieDeCouleur_Page_18.jpg 2200w, http:\/\/seventy-nine.ca\/dev\/cfp07\/wp-content\/uploads\/HarmonieDeCouleur_Page_18-300x232.jpg 300w, http:\/\/seventy-nine.ca\/dev\/cfp07\/wp-content\/uploads\/HarmonieDeCouleur_Page_18-768x593.jpg 768w, http:\/\/seventy-nine.ca\/dev\/cfp07\/wp-content\/uploads\/HarmonieDeCouleur_Page_18-1325x1024.jpg 1325w, http:\/\/seventy-nine.ca\/dev\/cfp07\/wp-content\/uploads\/HarmonieDeCouleur_Page_18-1080x835.jpg 1080w\" sizes=\"auto, (max-width: 2200px) 100vw, 2200px\" \/><\/p>\n<p>[\/et_pb_accordion_item][et_pb_accordion_item title=&#8221;19 \u203a Harmonie par contraste : triangulaire isoc\u00e8le&#8221; _builder_version=&#8221;3.26&#8243; open=&#8221;off&#8221;]<\/p>\n<p><img loading=\"lazy\" decoding=\"async\" src=\"http:\/\/seventy-nine.ca\/dev\/cfp07\/wp-content\/uploads\/HarmonieDeCouleur_Page_19.jpg\" width=\"2200\" height=\"1700\" alt=\"\" class=\"wp-image-193 aligncenter size-full\" srcset=\"http:\/\/seventy-nine.ca\/dev\/cfp07\/wp-content\/uploads\/HarmonieDeCouleur_Page_19.jpg 2200w, http:\/\/seventy-nine.ca\/dev\/cfp07\/wp-content\/uploads\/HarmonieDeCouleur_Page_19-300x232.jpg 300w, http:\/\/seventy-nine.ca\/dev\/cfp07\/wp-content\/uploads\/HarmonieDeCouleur_Page_19-768x593.jpg 768w, http:\/\/seventy-nine.ca\/dev\/cfp07\/wp-content\/uploads\/HarmonieDeCouleur_Page_19-1325x1024.jpg 1325w, http:\/\/seventy-nine.ca\/dev\/cfp07\/wp-content\/uploads\/HarmonieDeCouleur_Page_19-1080x835.jpg 1080w\" sizes=\"auto, (max-width: 2200px) 100vw, 2200px\" \/><\/p>\n<p>[\/et_pb_accordion_item][et_pb_accordion_item title=&#8221;20 \u203a Harmonie par contraste : carr\u00e9&#8221; _builder_version=&#8221;3.26&#8243; open=&#8221;off&#8221;]<\/p>\n<p><img loading=\"lazy\" decoding=\"async\" src=\"http:\/\/seventy-nine.ca\/dev\/cfp07\/wp-content\/uploads\/HarmonieDeCouleur_Page_20.jpg\" width=\"2200\" height=\"1700\" alt=\"\" class=\"wp-image-194 aligncenter size-full\" srcset=\"http:\/\/seventy-nine.ca\/dev\/cfp07\/wp-content\/uploads\/HarmonieDeCouleur_Page_20.jpg 2200w, http:\/\/seventy-nine.ca\/dev\/cfp07\/wp-content\/uploads\/HarmonieDeCouleur_Page_20-300x232.jpg 300w, http:\/\/seventy-nine.ca\/dev\/cfp07\/wp-content\/uploads\/HarmonieDeCouleur_Page_20-768x593.jpg 768w, http:\/\/seventy-nine.ca\/dev\/cfp07\/wp-content\/uploads\/HarmonieDeCouleur_Page_20-1325x1024.jpg 1325w, http:\/\/seventy-nine.ca\/dev\/cfp07\/wp-content\/uploads\/HarmonieDeCouleur_Page_20-1080x835.jpg 1080w\" sizes=\"auto, (max-width: 2200px) 100vw, 2200px\" \/><\/p>\n<p>[\/et_pb_accordion_item][et_pb_accordion_item title=&#8221;21 \u203a Harmonie par contraste : rectangulaire&#8221; _builder_version=&#8221;3.26&#8243; open=&#8221;off&#8221;]<\/p>\n<p><img loading=\"lazy\" decoding=\"async\" src=\"http:\/\/seventy-nine.ca\/dev\/cfp07\/wp-content\/uploads\/HarmonieDeCouleur_Page_21.jpg\" width=\"2200\" height=\"1700\" alt=\"\" class=\"wp-image-195 aligncenter size-full\" srcset=\"http:\/\/seventy-nine.ca\/dev\/cfp07\/wp-content\/uploads\/HarmonieDeCouleur_Page_21.jpg 2200w, http:\/\/seventy-nine.ca\/dev\/cfp07\/wp-content\/uploads\/HarmonieDeCouleur_Page_21-300x232.jpg 300w, http:\/\/seventy-nine.ca\/dev\/cfp07\/wp-content\/uploads\/HarmonieDeCouleur_Page_21-768x593.jpg 768w, http:\/\/seventy-nine.ca\/dev\/cfp07\/wp-content\/uploads\/HarmonieDeCouleur_Page_21-1325x1024.jpg 1325w, http:\/\/seventy-nine.ca\/dev\/cfp07\/wp-content\/uploads\/HarmonieDeCouleur_Page_21-1080x835.jpg 1080w\" sizes=\"auto, (max-width: 2200px) 100vw, 2200px\" \/><\/p>\n<p>[\/et_pb_accordion_item][et_pb_accordion_item title=&#8221;22 \u203a Harmonie par contraste : complexe + compl\u00e9mentaire&#8221; _builder_version=&#8221;3.26&#8243; open=&#8221;off&#8221;]<\/p>\n<p><img loading=\"lazy\" decoding=\"async\" src=\"http:\/\/seventy-nine.ca\/dev\/cfp07\/wp-content\/uploads\/HarmonieDeCouleur_Page_22.jpg\" width=\"2200\" height=\"1700\" alt=\"\" class=\"wp-image-196 aligncenter size-full\" srcset=\"http:\/\/seventy-nine.ca\/dev\/cfp07\/wp-content\/uploads\/HarmonieDeCouleur_Page_22.jpg 2200w, http:\/\/seventy-nine.ca\/dev\/cfp07\/wp-content\/uploads\/HarmonieDeCouleur_Page_22-300x232.jpg 300w, http:\/\/seventy-nine.ca\/dev\/cfp07\/wp-content\/uploads\/HarmonieDeCouleur_Page_22-768x593.jpg 768w, http:\/\/seventy-nine.ca\/dev\/cfp07\/wp-content\/uploads\/HarmonieDeCouleur_Page_22-1325x1024.jpg 1325w, http:\/\/seventy-nine.ca\/dev\/cfp07\/wp-content\/uploads\/HarmonieDeCouleur_Page_22-1080x835.jpg 1080w\" sizes=\"auto, (max-width: 2200px) 100vw, 2200px\" \/><\/p>\n<p>[\/et_pb_accordion_item][et_pb_accordion_item title=&#8221;22 \u203a Harmonie par contraste : complexe + compl\u00e9mentaire %91exemple%93&#8243; _builder_version=&#8221;3.26&#8243; open=&#8221;off&#8221;]<\/p>\n<p><img loading=\"lazy\" decoding=\"async\" src=\"http:\/\/seventy-nine.ca\/dev\/cfp07\/wp-content\/uploads\/HarmonieDeCouleur_Page_23.jpg\" width=\"1826\" height=\"1411\" alt=\"\" class=\"wp-image-197 aligncenter size-full\" srcset=\"http:\/\/seventy-nine.ca\/dev\/cfp07\/wp-content\/uploads\/HarmonieDeCouleur_Page_23.jpg 1826w, http:\/\/seventy-nine.ca\/dev\/cfp07\/wp-content\/uploads\/HarmonieDeCouleur_Page_23-300x232.jpg 300w, http:\/\/seventy-nine.ca\/dev\/cfp07\/wp-content\/uploads\/HarmonieDeCouleur_Page_23-768x593.jpg 768w, http:\/\/seventy-nine.ca\/dev\/cfp07\/wp-content\/uploads\/HarmonieDeCouleur_Page_23-1325x1024.jpg 1325w, http:\/\/seventy-nine.ca\/dev\/cfp07\/wp-content\/uploads\/HarmonieDeCouleur_Page_23-1080x835.jpg 1080w\" sizes=\"auto, (max-width: 1826px) 100vw, 1826px\" \/><\/p>\n<p>[\/et_pb_accordion_item][\/et_pb_accordion][\/et_pb_column][\/et_pb_row][et_pb_row _builder_version=&#8221;3.26&#8243;][et_pb_column _builder_version=&#8221;3.26&#8243; type=&#8221;4_4&#8243;][et_pb_text _builder_version=&#8221;3.26&#8243; module_class=&#8221;mini&#8221; custom_css_main_element=&#8221;font-size: 10px !important; ||line-height: 12px !important;&#8221;]<\/p>\n<p>Source originale :<br \/> Robert Montchaud,\u00a0<em>La couleur et ses accords<\/em>,\u00a0Fleurus id\u00e9es, 2004<br \/> Documentation www autoris\u00e9e par :\u00a0Yvan Celka,\u00a0l\u2019INRACI \u00e0 Bruxelles, 2007<\/p>\n<p>[\/et_pb_text][\/et_pb_column][\/et_pb_row][\/et_pb_section]<\/p>\n","protected":false},"excerpt":{"rendered":"<p>[et_pb_section fb_built=&#8221;1&#8243; _builder_version=&#8221;3.26&#8243;][et_pb_row _builder_version=&#8221;3.26&#8243; custom_padding=&#8221;0px|||||&#8221;][et_pb_column _builder_version=&#8221;3.26&#8243; type=&#8221;4_4&#8243;][et_pb_text _builder_version=&#8221;3.26&#8243;] Th\u00e9orie des couleurs [\/et_pb_text][et_pb_text _builder_version=&#8221;3.26&#8243; custom_margin=&#8221;9px|||||&#8221;]Pour faire un projet efficace et fonctionnel, il faut choisir ses couleurs logiquement de fa\u00e7on pr\u00e9m\u00e9dit\u00e9. Pas au hasard, ni en cours de conception et encore moins apr\u00e8s que le projet soit termin\u00e9. L&#8217;infographiste con\u00e7oit d&#8217;abord son concept, puis fait quelques croquis [&hellip;]<\/p>\n","protected":false},"author":1,"featured_media":0,"parent":0,"menu_order":0,"comment_status":"closed","ping_status":"closed","template":"","meta":{"_et_pb_use_builder":"on","_et_pb_old_content":"","footnotes":""},"class_list":["post-166","page","type-page","status-publish","hentry"],"_links":{"self":[{"href":"http:\/\/seventy-nine.ca\/dev\/cfp07\/wp-json\/wp\/v2\/pages\/166","targetHints":{"allow":["GET"]}}],"collection":[{"href":"http:\/\/seventy-nine.ca\/dev\/cfp07\/wp-json\/wp\/v2\/pages"}],"about":[{"href":"http:\/\/seventy-nine.ca\/dev\/cfp07\/wp-json\/wp\/v2\/types\/page"}],"author":[{"embeddable":true,"href":"http:\/\/seventy-nine.ca\/dev\/cfp07\/wp-json\/wp\/v2\/users\/1"}],"replies":[{"embeddable":true,"href":"http:\/\/seventy-nine.ca\/dev\/cfp07\/wp-json\/wp\/v2\/comments?post=166"}],"version-history":[{"count":2,"href":"http:\/\/seventy-nine.ca\/dev\/cfp07\/wp-json\/wp\/v2\/pages\/166\/revisions"}],"predecessor-version":[{"id":306,"href":"http:\/\/seventy-nine.ca\/dev\/cfp07\/wp-json\/wp\/v2\/pages\/166\/revisions\/306"}],"wp:attachment":[{"href":"http:\/\/seventy-nine.ca\/dev\/cfp07\/wp-json\/wp\/v2\/media?parent=166"}],"curies":[{"name":"wp","href":"https:\/\/api.w.org\/{rel}","templated":true}]}}